{"id":5081,"date":"2024-10-17T19:43:53","date_gmt":"2024-10-17T19:43:53","guid":{"rendered":"https:\/\/comexbrindes.com.br\/site\/?post_type=product&#038;p=5081"},"modified":"2025-11-10T20:40:03","modified_gmt":"2025-11-10T20:40:03","slug":"mala-de-bordo-executiva-luxo-rodas-360o-cadeado-e-senha-sp-06129","status":"publish","type":"product","link":"https:\/\/comexbrindes.com.br\/site\/produto\/mala-de-bordo-executiva-luxo-rodas-360o-cadeado-e-senha-sp-06129\/","title":{"rendered":"04 MALA DE BORDO, EXECUTIVA, LUXO &#8211; SP.06129"},"content":{"rendered":"<ul>\n<li>Mala de bordo executiva, luxo<\/li>\n<li>Material em ABS e PC, interior forrado, com divis\u00f3ria<\/li>\n<li>4 rodas duplas girat\u00f3rias 360\u00ba<\/li>\n<li>Puxador retr\u00e1til em alum\u00ednio com mola<\/li>\n<li>Cores Bicolor azul claro e azul escuro, preto e branco<\/li>\n<li><strong>Tamanho:<\/strong> 33,5 x 55,0 x 23,0 cm<\/li>\n<li><strong>Grava\u00e7\u00e3o:<\/strong>\u00a0 tampografia 1 cor, 1 lado ou laser na plaquinha (melhor op\u00e7\u00e3o)<\/li>\n<\/ul>\n<p>&nbsp;<\/p>\n<p>&nbsp;<\/p>\n","protected":false},"excerpt":{"rendered":"<p>Mala de bordo executiva, luxo Material em ABS e PC, interior forrado, com divis\u00f3ria 4 rodas duplas girat\u00f3rias 360\u00ba Puxador retr\u00e1til em alum\u00ednio com mola Cores Bicolor azul claro e azul escuro, preto e branco Tamanho: 33,5 x 55,0 x 23,0 cm Grava\u00e7\u00e3o:\u00a0 tampografia 1 cor, 1 lado ou laser na plaquinha (melhor op\u00e7\u00e3o) &nbsp; [&hellip;]<\/p>\n","protected":false},"featured_media":5082,"template":"","meta":[],"product_cat":[68],"product_tag":[],"class_list":{"0":"post-5081","1":"product","2":"type-product","3":"status-publish","4":"has-post-thumbnail","6":"product_cat-malas-mochilas","8":"first","9":"instock","10":"shipping-taxable","11":"product-type-simple"},"_links":{"self":[{"href":"https:\/\/comexbrindes.com.br\/site\/wp-json\/wp\/v2\/product\/5081","targetHints":{"allow":["GET"]}}],"collection":[{"href":"https:\/\/comexbrindes.com.br\/site\/wp-json\/wp\/v2\/product"}],"about":[{"href":"https:\/\/comexbrindes.com.br\/site\/wp-json\/wp\/v2\/types\/product"}],"version-history":[{"count":6,"href":"https:\/\/comexbrindes.com.br\/site\/wp-json\/wp\/v2\/product\/5081\/revisions"}],"predecessor-version":[{"id":8077,"href":"https:\/\/comexbrindes.com.br\/site\/wp-json\/wp\/v2\/product\/5081\/revisions\/8077"}],"wp:featuredmedia":[{"embeddable":true,"href":"https:\/\/comexbrindes.com.br\/site\/wp-json\/wp\/v2\/media\/5082"}],"wp:attachment":[{"href":"https:\/\/comexbrindes.com.br\/site\/wp-json\/wp\/v2\/media?parent=5081"}],"wp:term":[{"taxonomy":"product_cat","embeddable":true,"href":"https:\/\/comexbrindes.com.br\/site\/wp-json\/wp\/v2\/product_cat?post=5081"},{"taxonomy":"product_tag","embeddable":true,"href":"https:\/\/comexbrindes.com.br\/site\/wp-json\/wp\/v2\/product_tag?post=5081"}],"curies":[{"name":"wp","href":"https:\/\/api.w.org\/{rel}","templated":true}]}}