{"id":5015,"date":"2024-10-16T19:38:10","date_gmt":"2024-10-16T19:38:10","guid":{"rendered":"https:\/\/comexbrindes.com.br\/site\/?post_type=product&#038;p=5015"},"modified":"2024-12-05T14:33:07","modified_gmt":"2024-12-05T14:33:07","slug":"moleskine-a5-capa-dura-poliester-100-reciclado-folhas-pautadas-elastico-para-fechamento-sp-58539","status":"publish","type":"product","link":"https:\/\/comexbrindes.com.br\/site\/produto\/moleskine-a5-capa-dura-poliester-100-reciclado-folhas-pautadas-elastico-para-fechamento-sp-58539\/","title":{"rendered":"12 MOLESKINE A5, CAPA DURA, POLIESTER 100 % RECICLADO &#8211; SP.58539"},"content":{"rendered":"<ul>\n<li>Capa dura em em tecido poli\u00e9ster 100% reciclado e detalhe em bambu.<\/li>\n<li><strong>Folhas recicladas pautadas marfim.<\/strong><\/li>\n<li>Fechamento el\u00e1stico e suporte para caneta (n\u00e3o acompanha).<\/li>\n<li>Fita separadora.<\/li>\n<li><strong>Tamanho:<\/strong> 14 x 21 cm.<\/li>\n<li><strong>Cores:<\/strong> verde, bege, cinza, azul escuro, preto.<\/li>\n<li><strong>Grava\u00e7\u00e3o:<\/strong> tampografia 1 cor, 1 posi\u00e7\u00e3o.<\/li>\n<\/ul>\n<div class=\"texto\"><\/div>\n<div class=\"icons\">\n<div class=\"icon\"><\/div>\n<\/div>\n","protected":false},"excerpt":{"rendered":"<p>Capa dura em em tecido poli\u00e9ster 100% reciclado e detalhe em bambu. Folhas recicladas pautadas marfim. Fechamento el\u00e1stico e suporte para caneta (n\u00e3o acompanha). Fita separadora. Tamanho: 14 x 21 cm. Cores: verde, bege, cinza, azul escuro, preto. Grava\u00e7\u00e3o: tampografia 1 cor, 1 posi\u00e7\u00e3o.<\/p>\n","protected":false},"featured_media":5959,"template":"","meta":[],"product_cat":[56],"product_tag":[],"class_list":{"0":"post-5015","1":"product","2":"type-product","3":"status-publish","4":"has-post-thumbnail","6":"product_cat-blocos","8":"first","9":"instock","10":"shipping-taxable","11":"product-type-simple"},"_links":{"self":[{"href":"https:\/\/comexbrindes.com.br\/site\/wp-json\/wp\/v2\/product\/5015","targetHints":{"allow":["GET"]}}],"collection":[{"href":"https:\/\/comexbrindes.com.br\/site\/wp-json\/wp\/v2\/product"}],"about":[{"href":"https:\/\/comexbrindes.com.br\/site\/wp-json\/wp\/v2\/types\/product"}],"version-history":[{"count":7,"href":"https:\/\/comexbrindes.com.br\/site\/wp-json\/wp\/v2\/product\/5015\/revisions"}],"predecessor-version":[{"id":6042,"href":"https:\/\/comexbrindes.com.br\/site\/wp-json\/wp\/v2\/product\/5015\/revisions\/6042"}],"wp:featuredmedia":[{"embeddable":true,"href":"https:\/\/comexbrindes.com.br\/site\/wp-json\/wp\/v2\/media\/5959"}],"wp:attachment":[{"href":"https:\/\/comexbrindes.com.br\/site\/wp-json\/wp\/v2\/media?parent=5015"}],"wp:term":[{"taxonomy":"product_cat","embeddable":true,"href":"https:\/\/comexbrindes.com.br\/site\/wp-json\/wp\/v2\/product_cat?post=5015"},{"taxonomy":"product_tag","embeddable":true,"href":"https:\/\/comexbrindes.com.br\/site\/wp-json\/wp\/v2\/product_tag?post=5015"}],"curies":[{"name":"wp","href":"https:\/\/api.w.org\/{rel}","templated":true}]}}