{"id":5001,"date":"2024-10-16T15:00:51","date_gmt":"2024-10-16T15:00:51","guid":{"rendered":"https:\/\/comexbrindes.com.br\/site\/?post_type=product&#038;p=5001"},"modified":"2025-04-09T18:37:00","modified_gmt":"2025-04-09T18:37:00","slug":"moleskine-a5capa-dura-folha-bambu-elastico-para-fechamento-suporte-para-caneta-sp-18239","status":"publish","type":"product","link":"https:\/\/comexbrindes.com.br\/site\/produto\/moleskine-a5capa-dura-folha-bambu-elastico-para-fechamento-suporte-para-caneta-sp-18239\/","title":{"rendered":"07 MOLESKINE A5,CAPA DURA, FOLHA BAMBU &#8211; SP.18239"},"content":{"rendered":"<ul>\n<li>Capa dura em folha de bambu e corti\u00e7a .<\/li>\n<li><strong>Folhas recicladas pautadas marfim.<\/strong><\/li>\n<li>Fechamento el\u00e1stico e suporte para caneta (n\u00e3o acompanha).<\/li>\n<li>Fita separadora.<\/li>\n<li><strong>Tamanho:<\/strong> 14 x 21 cm<\/li>\n<li><strong>Grava\u00e7\u00e3o:<\/strong> tampografia 1 cor, 1 posi\u00e7\u00e3o.<\/li>\n<\/ul>\n<p>&nbsp;<\/p>\n","protected":false},"excerpt":{"rendered":"<p>Capa dura em folha de bambu e corti\u00e7a . Folhas recicladas pautadas marfim. Fechamento el\u00e1stico e suporte para caneta (n\u00e3o acompanha). Fita separadora. Tamanho: 14 x 21 cm Grava\u00e7\u00e3o: tampografia 1 cor, 1 posi\u00e7\u00e3o. &nbsp;<\/p>\n","protected":false},"featured_media":7019,"template":"","meta":[],"product_cat":[56],"product_tag":[],"class_list":{"0":"post-5001","1":"product","2":"type-product","3":"status-publish","4":"has-post-thumbnail","6":"product_cat-blocos","8":"first","9":"instock","10":"shipping-taxable","11":"product-type-simple"},"_links":{"self":[{"href":"https:\/\/comexbrindes.com.br\/site\/wp-json\/wp\/v2\/product\/5001","targetHints":{"allow":["GET"]}}],"collection":[{"href":"https:\/\/comexbrindes.com.br\/site\/wp-json\/wp\/v2\/product"}],"about":[{"href":"https:\/\/comexbrindes.com.br\/site\/wp-json\/wp\/v2\/types\/product"}],"version-history":[{"count":6,"href":"https:\/\/comexbrindes.com.br\/site\/wp-json\/wp\/v2\/product\/5001\/revisions"}],"predecessor-version":[{"id":6037,"href":"https:\/\/comexbrindes.com.br\/site\/wp-json\/wp\/v2\/product\/5001\/revisions\/6037"}],"wp:featuredmedia":[{"embeddable":true,"href":"https:\/\/comexbrindes.com.br\/site\/wp-json\/wp\/v2\/media\/7019"}],"wp:attachment":[{"href":"https:\/\/comexbrindes.com.br\/site\/wp-json\/wp\/v2\/media?parent=5001"}],"wp:term":[{"taxonomy":"product_cat","embeddable":true,"href":"https:\/\/comexbrindes.com.br\/site\/wp-json\/wp\/v2\/product_cat?post=5001"},{"taxonomy":"product_tag","embeddable":true,"href":"https:\/\/comexbrindes.com.br\/site\/wp-json\/wp\/v2\/product_tag?post=5001"}],"curies":[{"name":"wp","href":"https:\/\/api.w.org\/{rel}","templated":true}]}}