{"id":4988,"date":"2024-10-11T18:50:26","date_gmt":"2024-10-11T18:50:26","guid":{"rendered":"https:\/\/comexbrindes.com.br\/site\/?post_type=product&#038;p=4988"},"modified":"2025-08-19T20:55:14","modified_gmt":"2025-08-19T20:55:14","slug":"caneta-esfero-aluminio-cores-detalhes-preto-sp-74819","status":"publish","type":"product","link":"https:\/\/comexbrindes.com.br\/site\/produto\/caneta-esfero-aluminio-cores-detalhes-preto-sp-74819\/","title":{"rendered":"31 CANETA ESFERO ALUM\u00cdNIO CORES, DETALHES PRETO &#8211; SP.74819"},"content":{"rendered":"<ul>\n<li>Caneta esfero alum\u00ednio.<\/li>\n<li>At\u00e9 1,5 km de escrita.<\/li>\n<li>Escrita em azul.<\/li>\n<li><strong>Tamanho: <\/strong>13,9 x 1,0 cm.<\/li>\n<li><strong>Cores: <\/strong>azul, verde, preto, vermelho, branco, cromado satinado.<\/li>\n<li><strong>Grava\u00e7\u00e3o:<\/strong> laser em um lado.<\/li>\n<li>A cor e o resultado da impress\u00e3o nos materiais naturais pode variar entre produtos.<\/li>\n<\/ul>\n<div class=\"texto\">\n<div class=\"texto\"><\/div>\n<\/div>\n","protected":false},"excerpt":{"rendered":"<p>Caneta esfero alum\u00ednio. At\u00e9 1,5 km de escrita. Escrita em azul. Tamanho: 13,9 x 1,0 cm. Cores: azul, verde, preto, vermelho, branco, cromado satinado. Grava\u00e7\u00e3o: laser em um lado. A cor e o resultado da impress\u00e3o nos materiais naturais pode variar entre produtos.<\/p>\n","protected":false},"featured_media":4989,"template":"","meta":[],"product_cat":[71],"product_tag":[],"class_list":{"0":"post-4988","1":"product","2":"type-product","3":"status-publish","4":"has-post-thumbnail","6":"product_cat-canetas-metal","8":"first","9":"instock","10":"shipping-taxable","11":"product-type-simple"},"_links":{"self":[{"href":"https:\/\/comexbrindes.com.br\/site\/wp-json\/wp\/v2\/product\/4988","targetHints":{"allow":["GET"]}}],"collection":[{"href":"https:\/\/comexbrindes.com.br\/site\/wp-json\/wp\/v2\/product"}],"about":[{"href":"https:\/\/comexbrindes.com.br\/site\/wp-json\/wp\/v2\/types\/product"}],"version-history":[{"count":10,"href":"https:\/\/comexbrindes.com.br\/site\/wp-json\/wp\/v2\/product\/4988\/revisions"}],"predecessor-version":[{"id":7530,"href":"https:\/\/comexbrindes.com.br\/site\/wp-json\/wp\/v2\/product\/4988\/revisions\/7530"}],"wp:featuredmedia":[{"embeddable":true,"href":"https:\/\/comexbrindes.com.br\/site\/wp-json\/wp\/v2\/media\/4989"}],"wp:attachment":[{"href":"https:\/\/comexbrindes.com.br\/site\/wp-json\/wp\/v2\/media?parent=4988"}],"wp:term":[{"taxonomy":"product_cat","embeddable":true,"href":"https:\/\/comexbrindes.com.br\/site\/wp-json\/wp\/v2\/product_cat?post=4988"},{"taxonomy":"product_tag","embeddable":true,"href":"https:\/\/comexbrindes.com.br\/site\/wp-json\/wp\/v2\/product_tag?post=4988"}],"curies":[{"name":"wp","href":"https:\/\/api.w.org\/{rel}","templated":true}]}}