{"id":4911,"date":"2024-09-27T20:06:42","date_gmt":"2024-09-27T20:06:42","guid":{"rendered":"https:\/\/comexbrindes.com.br\/site\/?post_type=product&#038;p=4911"},"modified":"2024-11-29T18:41:22","modified_gmt":"2024-11-29T18:41:22","slug":"caneta-esfero-bambu-clip-e-elementos-coloridos-em-fibra-de-trigo-e-abs-sp-31018","status":"publish","type":"product","link":"https:\/\/comexbrindes.com.br\/site\/produto\/caneta-esfero-bambu-clip-e-elementos-coloridos-em-fibra-de-trigo-e-abs-sp-31018\/","title":{"rendered":"05 CANETA ESFERO BAMBU CLIP E ELEMENTOS COLORIDOS EM FIBRA DE TRIGO E ABS &#8211; SP.31018"},"content":{"rendered":"<ul>\n<li>Caneta esfero bambu clip.<\/li>\n<li>Antideslizante, elementos coloridos em fibra de trigo e ABS.<\/li>\n<li>At\u00e9 1,5 km de escrita.<\/li>\n<li>Escrita em azul.<\/li>\n<li><strong>Tamanho:<\/strong> 14,2 x 1,1 cm<\/li>\n<li><strong>Cores dos elementos: <\/strong>azul royal, verde claro, azul claro, laranja, rosa e natural claro.<\/li>\n<li><strong>Grava\u00e7\u00e3o:<\/strong> tampografia em um lado uma cor.<\/li>\n<li>A cor e o resultado da impress\u00e3o nos materiais naturais pode variar entre produtos.<\/li>\n<\/ul>\n","protected":false},"excerpt":{"rendered":"<p>Caneta esfero bambu clip. Antideslizante, elementos coloridos em fibra de trigo e ABS. At\u00e9 1,5 km de escrita. Escrita em azul. Tamanho: 14,2 x 1,1 cm Cores dos elementos: azul royal, verde claro, azul claro, laranja, rosa e natural claro. Grava\u00e7\u00e3o: tampografia em um lado uma cor. A cor e o resultado da impress\u00e3o nos [&hellip;]<\/p>\n","protected":false},"featured_media":4909,"template":"","meta":[],"product_cat":[69,70],"product_tag":[],"class_list":{"0":"post-4911","1":"product","2":"type-product","3":"status-publish","4":"has-post-thumbnail","6":"product_cat-canetas","7":"product_cat-canetas-ecologicas","9":"first","10":"instock","11":"shipping-taxable","12":"product-type-variable"},"_links":{"self":[{"href":"https:\/\/comexbrindes.com.br\/site\/wp-json\/wp\/v2\/product\/4911","targetHints":{"allow":["GET"]}}],"collection":[{"href":"https:\/\/comexbrindes.com.br\/site\/wp-json\/wp\/v2\/product"}],"about":[{"href":"https:\/\/comexbrindes.com.br\/site\/wp-json\/wp\/v2\/types\/product"}],"version-history":[{"count":4,"href":"https:\/\/comexbrindes.com.br\/site\/wp-json\/wp\/v2\/product\/4911\/revisions"}],"predecessor-version":[{"id":5735,"href":"https:\/\/comexbrindes.com.br\/site\/wp-json\/wp\/v2\/product\/4911\/revisions\/5735"}],"wp:featuredmedia":[{"embeddable":true,"href":"https:\/\/comexbrindes.com.br\/site\/wp-json\/wp\/v2\/media\/4909"}],"wp:attachment":[{"href":"https:\/\/comexbrindes.com.br\/site\/wp-json\/wp\/v2\/media?parent=4911"}],"wp:term":[{"taxonomy":"product_cat","embeddable":true,"href":"https:\/\/comexbrindes.com.br\/site\/wp-json\/wp\/v2\/product_cat?post=4911"},{"taxonomy":"product_tag","embeddable":true,"href":"https:\/\/comexbrindes.com.br\/site\/wp-json\/wp\/v2\/product_tag?post=4911"}],"curies":[{"name":"wp","href":"https:\/\/api.w.org\/{rel}","templated":true}]}}