{"id":4846,"date":"2024-08-07T17:57:28","date_gmt":"2024-08-07T17:57:28","guid":{"rendered":"https:\/\/comexbrindes.com.br\/site\/?post_type=product&#038;p=4846"},"modified":"2025-11-04T14:56:37","modified_gmt":"2025-11-04T14:56:37","slug":"copo-de-fibra-bambu-com-tampa-sp-85049","status":"publish","type":"product","link":"https:\/\/comexbrindes.com.br\/site\/produto\/copo-de-fibra-bambu-com-tampa-sp-85049\/","title":{"rendered":"COPO VIAGEM FIBRA BAMBU, 380 ML &#8211; SP.85049"},"content":{"rendered":"<ul>\n<li>Copo de fibra bambu com tampa e tira em silicone, 380 ML.<\/li>\n<li><strong>Tamanho:<\/strong> 9,5 x 11,4 cm<\/li>\n<li><strong>Cores:<\/strong> preto, azul claro, azul escuro, natural, amarelo.<\/li>\n<li><strong>Grava\u00e7\u00e3o:<\/strong> tampografia uma cor, grava\u00e7\u00e3o em um lado.<\/li>\n<\/ul>\n","protected":false},"excerpt":{"rendered":"<p>Copo de fibra bambu com tampa e tira em silicone, 380 ML. Tamanho: 9,5 x 11,4 cm Cores: preto, azul claro, azul escuro, natural, amarelo. Grava\u00e7\u00e3o: tampografia uma cor, grava\u00e7\u00e3o em um lado.<\/p>\n","protected":false},"featured_media":6619,"template":"","meta":[],"product_cat":[50],"product_tag":[],"class_list":{"0":"post-4846","1":"product","2":"type-product","3":"status-publish","4":"has-post-thumbnail","6":"product_cat-copos-e-canecas","8":"first","9":"instock","10":"shipping-taxable","11":"product-type-variable"},"_links":{"self":[{"href":"https:\/\/comexbrindes.com.br\/site\/wp-json\/wp\/v2\/product\/4846","targetHints":{"allow":["GET"]}}],"collection":[{"href":"https:\/\/comexbrindes.com.br\/site\/wp-json\/wp\/v2\/product"}],"about":[{"href":"https:\/\/comexbrindes.com.br\/site\/wp-json\/wp\/v2\/types\/product"}],"version-history":[{"count":8,"href":"https:\/\/comexbrindes.com.br\/site\/wp-json\/wp\/v2\/product\/4846\/revisions"}],"predecessor-version":[{"id":7930,"href":"https:\/\/comexbrindes.com.br\/site\/wp-json\/wp\/v2\/product\/4846\/revisions\/7930"}],"wp:featuredmedia":[{"embeddable":true,"href":"https:\/\/comexbrindes.com.br\/site\/wp-json\/wp\/v2\/media\/6619"}],"wp:attachment":[{"href":"https:\/\/comexbrindes.com.br\/site\/wp-json\/wp\/v2\/media?parent=4846"}],"wp:term":[{"taxonomy":"product_cat","embeddable":true,"href":"https:\/\/comexbrindes.com.br\/site\/wp-json\/wp\/v2\/product_cat?post=4846"},{"taxonomy":"product_tag","embeddable":true,"href":"https:\/\/comexbrindes.com.br\/site\/wp-json\/wp\/v2\/product_tag?post=4846"}],"curies":[{"name":"wp","href":"https:\/\/api.w.org\/{rel}","templated":true}]}}