{"id":4803,"date":"2024-07-25T20:11:02","date_gmt":"2024-07-25T20:11:02","guid":{"rendered":"https:\/\/comexbrindes.com.br\/site\/?post_type=product&#038;p=4803"},"modified":"2026-01-23T20:21:27","modified_gmt":"2026-01-23T20:21:27","slug":"caderno-de-anotacoes-capa-dura-poliester-suporte-para-celular-porta-caneta-dac-140","status":"publish","type":"product","link":"https:\/\/comexbrindes.com.br\/site\/produto\/caderno-de-anotacoes-capa-dura-poliester-suporte-para-celular-porta-caneta-dac-140\/","title":{"rendered":"11 CADERNO DE ANOTA\u00c7\u00d5ES, CAPA DURA POLI\u00c9STER &#8211; AS.041.A5"},"content":{"rendered":"<ul>\n<li>Caderno de anota\u00e7\u00f5es de capa dura em poli\u00e9ster<\/li>\n<li><strong>Suporte para celular<\/strong><\/li>\n<li><strong>N\u00e3o<\/strong> acompanha caneta<\/li>\n<li>Embalagem pl\u00e1stica unit\u00e1ria<\/li>\n<li><strong>Tamanho:\u00a0<\/strong>21,3 x 14,5 cm<\/li>\n<li><strong>Cor: <\/strong>apenas preto<\/li>\n<li><strong>Grava\u00e7\u00e3o:<\/strong> tampografia em um lado uma cor<\/li>\n<\/ul>\n","protected":false},"excerpt":{"rendered":"<p>Caderno de anota\u00e7\u00f5es de capa dura em poli\u00e9ster Suporte para celular N\u00e3o acompanha caneta Embalagem pl\u00e1stica unit\u00e1ria Tamanho:\u00a021,3 x 14,5 cm Cor: apenas preto Grava\u00e7\u00e3o: tampografia em um lado uma cor<\/p>\n","protected":false},"featured_media":7023,"template":"","meta":[],"product_cat":[56],"product_tag":[],"class_list":{"0":"post-4803","1":"product","2":"type-product","3":"status-publish","4":"has-post-thumbnail","6":"product_cat-blocos","8":"first","9":"instock","10":"shipping-taxable","11":"product-type-variable"},"_links":{"self":[{"href":"https:\/\/comexbrindes.com.br\/site\/wp-json\/wp\/v2\/product\/4803","targetHints":{"allow":["GET"]}}],"collection":[{"href":"https:\/\/comexbrindes.com.br\/site\/wp-json\/wp\/v2\/product"}],"about":[{"href":"https:\/\/comexbrindes.com.br\/site\/wp-json\/wp\/v2\/types\/product"}],"version-history":[{"count":10,"href":"https:\/\/comexbrindes.com.br\/site\/wp-json\/wp\/v2\/product\/4803\/revisions"}],"predecessor-version":[{"id":8251,"href":"https:\/\/comexbrindes.com.br\/site\/wp-json\/wp\/v2\/product\/4803\/revisions\/8251"}],"wp:featuredmedia":[{"embeddable":true,"href":"https:\/\/comexbrindes.com.br\/site\/wp-json\/wp\/v2\/media\/7023"}],"wp:attachment":[{"href":"https:\/\/comexbrindes.com.br\/site\/wp-json\/wp\/v2\/media?parent=4803"}],"wp:term":[{"taxonomy":"product_cat","embeddable":true,"href":"https:\/\/comexbrindes.com.br\/site\/wp-json\/wp\/v2\/product_cat?post=4803"},{"taxonomy":"product_tag","embeddable":true,"href":"https:\/\/comexbrindes.com.br\/site\/wp-json\/wp\/v2\/product_tag?post=4803"}],"curies":[{"name":"wp","href":"https:\/\/api.w.org\/{rel}","templated":true}]}}