{"id":4776,"date":"2024-06-25T19:03:00","date_gmt":"2024-06-25T19:03:00","guid":{"rendered":"https:\/\/comexbrindes.com.br\/site\/?post_type=product&#038;p=4776"},"modified":"2025-04-09T18:53:03","modified_gmt":"2025-04-09T18:53:03","slug":"moleskine-capa-dura-folhas-lisas-fita-separadora-elastico-porta-caneta-sp-29439","status":"publish","type":"product","link":"https:\/\/comexbrindes.com.br\/site\/produto\/moleskine-capa-dura-folhas-lisas-fita-separadora-elastico-porta-caneta-sp-29439\/","title":{"rendered":"14 MOLESKINE CAPA DURA &#8211; SP.29439"},"content":{"rendered":"<ul>\n<li>Moleskine capa dura com el\u00e1stico de fechamento.<\/li>\n<li>Fita separadora de p\u00e1ginas.<\/li>\n<li>Folhas lisas brancas. <strong>N\u00e3o<\/strong> cont\u00e9m pauta (linhas).<\/li>\n<li><strong>Tamanho:\u00a0<\/strong>21 x 14 cm<\/li>\n<li><strong>Cores: <\/strong>preto, azul escuro, vermelho, branco, verde e cinza.<\/li>\n<li><strong>Grava\u00e7\u00e3o:<\/strong> tampografia em um lado uma cor.<\/li>\n<\/ul>\n","protected":false},"excerpt":{"rendered":"<p>Moleskine capa dura com el\u00e1stico de fechamento. Fita separadora de p\u00e1ginas. Folhas lisas brancas. N\u00e3o cont\u00e9m pauta (linhas). Tamanho:\u00a021 x 14 cm Cores: preto, azul escuro, vermelho, branco, verde e cinza. Grava\u00e7\u00e3o: tampografia em um lado uma cor.<\/p>\n","protected":false},"featured_media":7020,"template":"","meta":[],"product_cat":[56],"product_tag":[],"class_list":{"0":"post-4776","1":"product","2":"type-product","3":"status-publish","4":"has-post-thumbnail","6":"product_cat-blocos","8":"first","9":"instock","10":"shipping-taxable","11":"product-type-variable"},"_links":{"self":[{"href":"https:\/\/comexbrindes.com.br\/site\/wp-json\/wp\/v2\/product\/4776","targetHints":{"allow":["GET"]}}],"collection":[{"href":"https:\/\/comexbrindes.com.br\/site\/wp-json\/wp\/v2\/product"}],"about":[{"href":"https:\/\/comexbrindes.com.br\/site\/wp-json\/wp\/v2\/types\/product"}],"version-history":[{"count":6,"href":"https:\/\/comexbrindes.com.br\/site\/wp-json\/wp\/v2\/product\/4776\/revisions"}],"predecessor-version":[{"id":6044,"href":"https:\/\/comexbrindes.com.br\/site\/wp-json\/wp\/v2\/product\/4776\/revisions\/6044"}],"wp:featuredmedia":[{"embeddable":true,"href":"https:\/\/comexbrindes.com.br\/site\/wp-json\/wp\/v2\/media\/7020"}],"wp:attachment":[{"href":"https:\/\/comexbrindes.com.br\/site\/wp-json\/wp\/v2\/media?parent=4776"}],"wp:term":[{"taxonomy":"product_cat","embeddable":true,"href":"https:\/\/comexbrindes.com.br\/site\/wp-json\/wp\/v2\/product_cat?post=4776"},{"taxonomy":"product_tag","embeddable":true,"href":"https:\/\/comexbrindes.com.br\/site\/wp-json\/wp\/v2\/product_tag?post=4776"}],"curies":[{"name":"wp","href":"https:\/\/api.w.org\/{rel}","templated":true}]}}