{"id":4746,"date":"2024-06-25T18:33:53","date_gmt":"2024-06-25T18:33:53","guid":{"rendered":"https:\/\/comexbrindes.com.br\/site\/?post_type=product&#038;p=4746"},"modified":"2026-02-09T12:31:42","modified_gmt":"2026-02-09T12:31:42","slug":"caneta-esfero-plastica-branca-elementos-em-cores-as-b-4030-pc","status":"publish","type":"product","link":"https:\/\/comexbrindes.com.br\/site\/produto\/caneta-esfero-plastica-branca-elementos-em-cores-as-b-4030-pc\/","title":{"rendered":"CANETA ESFERO PL\u00c1STICA BRANCA ELEMENTOS EM CORES &#8211; AS.B-4030.PC"},"content":{"rendered":"<ul>\n<li>Caneta esfero pl\u00e1stica branca.<\/li>\n<li>Detalhes coloridos.<\/li>\n<li>Acionamento por click.<\/li>\n<li>Escrita azul.<\/li>\n<li><strong>Tamanho:<\/strong> 14,0 x \u00f81,3 cm.<\/li>\n<li><strong>Cores:<\/strong> azul, verde, vermelho, laranja, preto.<\/li>\n<li><strong>Grava\u00e7\u00e3o<\/strong> tampografia 1 cor.<\/li>\n<\/ul>\n<p>&nbsp;<\/p>\n","protected":false},"excerpt":{"rendered":"<p>Caneta esfero pl\u00e1stica branca. Detalhes coloridos. Acionamento por click. Escrita azul. Tamanho: 14,0 x \u00f81,3 cm. Cores: azul, verde, vermelho, laranja, preto. Grava\u00e7\u00e3o tampografia 1 cor. &nbsp;<\/p>\n","protected":false},"featured_media":5606,"template":"","meta":[],"product_cat":[69,73],"product_tag":[],"class_list":{"0":"post-4746","1":"product","2":"type-product","3":"status-publish","4":"has-post-thumbnail","6":"product_cat-canetas","7":"product_cat-canetas-plasticas","9":"first","10":"instock","11":"shipping-taxable","12":"product-type-variable"},"_links":{"self":[{"href":"https:\/\/comexbrindes.com.br\/site\/wp-json\/wp\/v2\/product\/4746","targetHints":{"allow":["GET"]}}],"collection":[{"href":"https:\/\/comexbrindes.com.br\/site\/wp-json\/wp\/v2\/product"}],"about":[{"href":"https:\/\/comexbrindes.com.br\/site\/wp-json\/wp\/v2\/types\/product"}],"version-history":[{"count":5,"href":"https:\/\/comexbrindes.com.br\/site\/wp-json\/wp\/v2\/product\/4746\/revisions"}],"predecessor-version":[{"id":8427,"href":"https:\/\/comexbrindes.com.br\/site\/wp-json\/wp\/v2\/product\/4746\/revisions\/8427"}],"wp:featuredmedia":[{"embeddable":true,"href":"https:\/\/comexbrindes.com.br\/site\/wp-json\/wp\/v2\/media\/5606"}],"wp:attachment":[{"href":"https:\/\/comexbrindes.com.br\/site\/wp-json\/wp\/v2\/media?parent=4746"}],"wp:term":[{"taxonomy":"product_cat","embeddable":true,"href":"https:\/\/comexbrindes.com.br\/site\/wp-json\/wp\/v2\/product_cat?post=4746"},{"taxonomy":"product_tag","embeddable":true,"href":"https:\/\/comexbrindes.com.br\/site\/wp-json\/wp\/v2\/product_tag?post=4746"}],"curies":[{"name":"wp","href":"https:\/\/api.w.org\/{rel}","templated":true}]}}