{"id":4742,"date":"2024-06-25T18:32:39","date_gmt":"2024-06-25T18:32:39","guid":{"rendered":"https:\/\/comexbrindes.com.br\/site\/?post_type=product&#038;p=4742"},"modified":"2026-01-23T14:46:18","modified_gmt":"2026-01-23T14:46:18","slug":"caneta-esfero-bambu-clip-inox-as-21074-bc","status":"publish","type":"product","link":"https:\/\/comexbrindes.com.br\/site\/produto\/caneta-esfero-bambu-clip-inox-as-21074-bc\/","title":{"rendered":"10 CANETA ESFERO BAMBU CLIP INOX &#8211; AS.21074"},"content":{"rendered":"<ul>\n<li>Caneta esfero bambu, elementos pl\u00e1sticos.<\/li>\n<li>Clip inox.<\/li>\n<li>Acompanha estojo de papel bambu print.<\/li>\n<li><strong>Tamanho:<\/strong> 13,5 x 1,1 cm.<\/li>\n<li><strong>Cores:<\/strong> vermelho, azul, preto, natural claro e verde.<\/li>\n<li><strong>Grava\u00e7\u00e3o:<\/strong> tampografia 1 cor, 1 posi\u00e7\u00e3o.<\/li>\n<\/ul>\n","protected":false},"excerpt":{"rendered":"<p>Caneta esfero bambu, elementos pl\u00e1sticos. Clip inox. Acompanha estojo de papel bambu print. Tamanho: 13,5 x 1,1 cm. Cores: vermelho, azul, preto, natural claro e verde. Grava\u00e7\u00e3o: tampografia 1 cor, 1 posi\u00e7\u00e3o.<\/p>\n","protected":false},"featured_media":4743,"template":"","meta":[],"product_cat":[69,70],"product_tag":[],"class_list":{"0":"post-4742","1":"product","2":"type-product","3":"status-publish","4":"has-post-thumbnail","6":"product_cat-canetas","7":"product_cat-canetas-ecologicas","9":"first","10":"instock","11":"shipping-taxable","12":"product-type-variable"},"_links":{"self":[{"href":"https:\/\/comexbrindes.com.br\/site\/wp-json\/wp\/v2\/product\/4742","targetHints":{"allow":["GET"]}}],"collection":[{"href":"https:\/\/comexbrindes.com.br\/site\/wp-json\/wp\/v2\/product"}],"about":[{"href":"https:\/\/comexbrindes.com.br\/site\/wp-json\/wp\/v2\/types\/product"}],"version-history":[{"count":8,"href":"https:\/\/comexbrindes.com.br\/site\/wp-json\/wp\/v2\/product\/4742\/revisions"}],"predecessor-version":[{"id":8192,"href":"https:\/\/comexbrindes.com.br\/site\/wp-json\/wp\/v2\/product\/4742\/revisions\/8192"}],"wp:featuredmedia":[{"embeddable":true,"href":"https:\/\/comexbrindes.com.br\/site\/wp-json\/wp\/v2\/media\/4743"}],"wp:attachment":[{"href":"https:\/\/comexbrindes.com.br\/site\/wp-json\/wp\/v2\/media?parent=4742"}],"wp:term":[{"taxonomy":"product_cat","embeddable":true,"href":"https:\/\/comexbrindes.com.br\/site\/wp-json\/wp\/v2\/product_cat?post=4742"},{"taxonomy":"product_tag","embeddable":true,"href":"https:\/\/comexbrindes.com.br\/site\/wp-json\/wp\/v2\/product_tag?post=4742"}],"curies":[{"name":"wp","href":"https:\/\/api.w.org\/{rel}","templated":true}]}}