{"id":4573,"date":"2024-05-10T14:45:10","date_gmt":"2024-05-10T14:45:10","guid":{"rendered":"https:\/\/comexbrindes.com.br\/site\/?post_type=product&#038;p=4573"},"modified":"2026-01-27T20:49:29","modified_gmt":"2026-01-27T20:49:29","slug":"garrafa-termica-inox-fosca-780ml-tampa-rosqueavel-zbx-81581","status":"publish","type":"product","link":"https:\/\/comexbrindes.com.br\/site\/produto\/garrafa-termica-inox-fosca-780ml-tampa-rosqueavel-zbx-81581\/","title":{"rendered":"21 GARRAFA T\u00c9RMICA INOX, FOSCA, 780ML &#8211; BX.81581"},"content":{"rendered":"<ul>\n<li>Garrafa t\u00e9rmica inox fosca<\/li>\n<li>780ML<\/li>\n<li>Tampa rosque\u00e1vel frisada<\/li>\n<li>Uso l\u00edquidos quentes ou gelados<\/li>\n<li>Alta qualidade<\/li>\n<li><strong>Tamanho:<\/strong> 30,3 x 7,9 cm<\/li>\n<li><strong>Cores:<\/strong> preto e inox<\/li>\n<li><strong>Grava\u00e7\u00e3o:<\/strong> laser em um lado<\/li>\n<\/ul>\n","protected":false},"excerpt":{"rendered":"<p>Garrafa t\u00e9rmica inox fosca 780ML Tampa rosque\u00e1vel frisada Uso l\u00edquidos quentes ou gelados Alta qualidade Tamanho: 30,3 x 7,9 cm Cores: preto e inox Grava\u00e7\u00e3o: laser em um lado<\/p>\n","protected":false},"featured_media":8090,"template":"","meta":[],"product_cat":[77],"product_tag":[],"class_list":{"0":"post-4573","1":"product","2":"type-product","3":"status-publish","4":"has-post-thumbnail","6":"product_cat-squeezes-garrafas","8":"first","9":"instock","10":"shipping-taxable","11":"product-type-variable"},"_links":{"self":[{"href":"https:\/\/comexbrindes.com.br\/site\/wp-json\/wp\/v2\/product\/4573","targetHints":{"allow":["GET"]}}],"collection":[{"href":"https:\/\/comexbrindes.com.br\/site\/wp-json\/wp\/v2\/product"}],"about":[{"href":"https:\/\/comexbrindes.com.br\/site\/wp-json\/wp\/v2\/types\/product"}],"version-history":[{"count":7,"href":"https:\/\/comexbrindes.com.br\/site\/wp-json\/wp\/v2\/product\/4573\/revisions"}],"predecessor-version":[{"id":8345,"href":"https:\/\/comexbrindes.com.br\/site\/wp-json\/wp\/v2\/product\/4573\/revisions\/8345"}],"wp:featuredmedia":[{"embeddable":true,"href":"https:\/\/comexbrindes.com.br\/site\/wp-json\/wp\/v2\/media\/8090"}],"wp:attachment":[{"href":"https:\/\/comexbrindes.com.br\/site\/wp-json\/wp\/v2\/media?parent=4573"}],"wp:term":[{"taxonomy":"product_cat","embeddable":true,"href":"https:\/\/comexbrindes.com.br\/site\/wp-json\/wp\/v2\/product_cat?post=4573"},{"taxonomy":"product_tag","embeddable":true,"href":"https:\/\/comexbrindes.com.br\/site\/wp-json\/wp\/v2\/product_tag?post=4573"}],"curies":[{"name":"wp","href":"https:\/\/api.w.org\/{rel}","templated":true}]}}