{"id":4567,"date":"2024-05-10T14:43:13","date_gmt":"2024-05-10T14:43:13","guid":{"rendered":"https:\/\/comexbrindes.com.br\/site\/?post_type=product&#038;p=4567"},"modified":"2026-01-27T20:43:38","modified_gmt":"2026-01-27T20:43:38","slug":"garrafa-termica-aco-inox-950ml-parede-dupla-design-faixas-em-relevo-zbx-92050","status":"publish","type":"product","link":"https:\/\/comexbrindes.com.br\/site\/produto\/garrafa-termica-aco-inox-950ml-parede-dupla-design-faixas-em-relevo-zbx-92050\/","title":{"rendered":"08 GARRAFA T\u00c9RMICA INOX, 950ML &#8211; BX.92050"},"content":{"rendered":"<ul>\n<li>Garrafa t\u00e9rmica inox<\/li>\n<li>950ML<\/li>\n<li>Parede dupla<\/li>\n<li>Design faixas com relevo<\/li>\n<li>Tampa com al\u00e7a para transporte e tampa de prote\u00e7\u00e3o para bocal<\/li>\n<li><strong>Tamanho:<\/strong> 30 x 10 cm<\/li>\n<li><strong>Cores:<\/strong> cinza, rosa, verde, branco, preto e azul<\/li>\n<li><strong>Grava\u00e7\u00e3o:<\/strong> laser em um lado<\/li>\n<\/ul>\n","protected":false},"excerpt":{"rendered":"<p>Garrafa t\u00e9rmica inox 950ML Parede dupla Design faixas com relevo Tampa com al\u00e7a para transporte e tampa de prote\u00e7\u00e3o para bocal Tamanho: 30 x 10 cm Cores: cinza, rosa, verde, branco, preto e azul Grava\u00e7\u00e3o: laser em um lado<\/p>\n","protected":false},"featured_media":7164,"template":"","meta":[],"product_cat":[77],"product_tag":[],"class_list":{"0":"post-4567","1":"product","2":"type-product","3":"status-publish","4":"has-post-thumbnail","6":"product_cat-squeezes-garrafas","8":"first","9":"instock","10":"shipping-taxable","11":"product-type-variable"},"_links":{"self":[{"href":"https:\/\/comexbrindes.com.br\/site\/wp-json\/wp\/v2\/product\/4567","targetHints":{"allow":["GET"]}}],"collection":[{"href":"https:\/\/comexbrindes.com.br\/site\/wp-json\/wp\/v2\/product"}],"about":[{"href":"https:\/\/comexbrindes.com.br\/site\/wp-json\/wp\/v2\/types\/product"}],"version-history":[{"count":10,"href":"https:\/\/comexbrindes.com.br\/site\/wp-json\/wp\/v2\/product\/4567\/revisions"}],"predecessor-version":[{"id":8342,"href":"https:\/\/comexbrindes.com.br\/site\/wp-json\/wp\/v2\/product\/4567\/revisions\/8342"}],"wp:featuredmedia":[{"embeddable":true,"href":"https:\/\/comexbrindes.com.br\/site\/wp-json\/wp\/v2\/media\/7164"}],"wp:attachment":[{"href":"https:\/\/comexbrindes.com.br\/site\/wp-json\/wp\/v2\/media?parent=4567"}],"wp:term":[{"taxonomy":"product_cat","embeddable":true,"href":"https:\/\/comexbrindes.com.br\/site\/wp-json\/wp\/v2\/product_cat?post=4567"},{"taxonomy":"product_tag","embeddable":true,"href":"https:\/\/comexbrindes.com.br\/site\/wp-json\/wp\/v2\/product_tag?post=4567"}],"curies":[{"name":"wp","href":"https:\/\/api.w.org\/{rel}","templated":true}]}}