{"id":4561,"date":"2024-05-10T14:40:10","date_gmt":"2024-05-10T14:40:10","guid":{"rendered":"https:\/\/comexbrindes.com.br\/site\/?post_type=product&#038;p=4561"},"modified":"2025-08-26T17:02:44","modified_gmt":"2025-08-26T17:02:44","slug":"sacola-mochila-tnt-termo-selado-com-ilhoses-de-metal-sp-10922","status":"publish","type":"product","link":"https:\/\/comexbrindes.com.br\/site\/produto\/sacola-mochila-tnt-termo-selado-com-ilhoses-de-metal-sp-10922\/","title":{"rendered":"10 SACOLA MOCHILA TNT TERMO SELADO &#8211; SP.10922"},"content":{"rendered":"<ul>\n<li>Sacola mochila, TNT (80 m\/g\u00b2).<\/li>\n<li>Termo selado com ilh\u00f3ses de metal, cord\u00e3o preto.<\/li>\n<li><strong>Cores<\/strong> diversas.<\/li>\n<li><strong>Tamanho:<\/strong> A40 x L33 cm.<\/li>\n<li><strong>Grava\u00e7\u00e3o:<\/strong> tampografia uma cor em um lado.<\/li>\n<\/ul>\n","protected":false},"excerpt":{"rendered":"<p>Sacola mochila, TNT (80 m\/g\u00b2). Termo selado com ilh\u00f3ses de metal, cord\u00e3o preto. Cores diversas. Tamanho: A40 x L33 cm. Grava\u00e7\u00e3o: tampografia uma cor em um lado.<\/p>\n","protected":false},"featured_media":7628,"template":"","meta":[],"product_cat":[76],"product_tag":[],"class_list":{"0":"post-4561","1":"product","2":"type-product","3":"status-publish","4":"has-post-thumbnail","6":"product_cat-sacolas","8":"first","9":"instock","10":"shipping-taxable","11":"product-type-variable"},"_links":{"self":[{"href":"https:\/\/comexbrindes.com.br\/site\/wp-json\/wp\/v2\/product\/4561","targetHints":{"allow":["GET"]}}],"collection":[{"href":"https:\/\/comexbrindes.com.br\/site\/wp-json\/wp\/v2\/product"}],"about":[{"href":"https:\/\/comexbrindes.com.br\/site\/wp-json\/wp\/v2\/types\/product"}],"version-history":[{"count":3,"href":"https:\/\/comexbrindes.com.br\/site\/wp-json\/wp\/v2\/product\/4561\/revisions"}],"predecessor-version":[{"id":6761,"href":"https:\/\/comexbrindes.com.br\/site\/wp-json\/wp\/v2\/product\/4561\/revisions\/6761"}],"wp:featuredmedia":[{"embeddable":true,"href":"https:\/\/comexbrindes.com.br\/site\/wp-json\/wp\/v2\/media\/7628"}],"wp:attachment":[{"href":"https:\/\/comexbrindes.com.br\/site\/wp-json\/wp\/v2\/media?parent=4561"}],"wp:term":[{"taxonomy":"product_cat","embeddable":true,"href":"https:\/\/comexbrindes.com.br\/site\/wp-json\/wp\/v2\/product_cat?post=4561"},{"taxonomy":"product_tag","embeddable":true,"href":"https:\/\/comexbrindes.com.br\/site\/wp-json\/wp\/v2\/product_tag?post=4561"}],"curies":[{"name":"wp","href":"https:\/\/api.w.org\/{rel}","templated":true}]}}