{"id":4535,"date":"2024-05-10T14:21:41","date_gmt":"2024-05-10T14:21:41","guid":{"rendered":"https:\/\/comexbrindes.com.br\/site\/?post_type=product&#038;p=4535"},"modified":"2025-11-07T20:06:37","modified_gmt":"2025-11-07T20:06:37","slug":"sacola-100-algodao-sem-gravacao-180-gm%c2%b2-para-garrafa-sp-38829-sg","status":"publish","type":"product","link":"https:\/\/comexbrindes.com.br\/site\/produto\/sacola-100-algodao-sem-gravacao-180-gm%c2%b2-para-garrafa-sp-38829-sg\/","title":{"rendered":"29 SACOLA PARA GARRAFA 100% ALGOD\u00c3O &#8211; SP.38829-SG"},"content":{"rendered":"<ul>\n<li>Sacola 100% algod\u00e3o, 180 gm\u00b2\u00a0 para garrafa<\/li>\n<li>Com cord\u00e3o para fechar<\/li>\n<li><strong>Tamanho:<\/strong> 15,0 x 34,0 cm<\/li>\n<li><strong>SEM GRAVA\u00c7\u00c3O<\/strong><\/li>\n<\/ul>\n","protected":false},"excerpt":{"rendered":"<p>Sacola 100% algod\u00e3o, 180 gm\u00b2\u00a0 para garrafa Com cord\u00e3o para fechar Tamanho: 15,0 x 34,0 cm SEM GRAVA\u00c7\u00c3O<\/p>\n","protected":false},"featured_media":5839,"template":"","meta":[],"product_cat":[60],"product_tag":[],"class_list":{"0":"post-4535","1":"product","2":"type-product","3":"status-publish","4":"has-post-thumbnail","6":"product_cat-bar","8":"first","9":"instock","10":"shipping-taxable","11":"product-type-variable"},"_links":{"self":[{"href":"https:\/\/comexbrindes.com.br\/site\/wp-json\/wp\/v2\/product\/4535","targetHints":{"allow":["GET"]}}],"collection":[{"href":"https:\/\/comexbrindes.com.br\/site\/wp-json\/wp\/v2\/product"}],"about":[{"href":"https:\/\/comexbrindes.com.br\/site\/wp-json\/wp\/v2\/types\/product"}],"version-history":[{"count":9,"href":"https:\/\/comexbrindes.com.br\/site\/wp-json\/wp\/v2\/product\/4535\/revisions"}],"predecessor-version":[{"id":8037,"href":"https:\/\/comexbrindes.com.br\/site\/wp-json\/wp\/v2\/product\/4535\/revisions\/8037"}],"wp:featuredmedia":[{"embeddable":true,"href":"https:\/\/comexbrindes.com.br\/site\/wp-json\/wp\/v2\/media\/5839"}],"wp:attachment":[{"href":"https:\/\/comexbrindes.com.br\/site\/wp-json\/wp\/v2\/media?parent=4535"}],"wp:term":[{"taxonomy":"product_cat","embeddable":true,"href":"https:\/\/comexbrindes.com.br\/site\/wp-json\/wp\/v2\/product_cat?post=4535"},{"taxonomy":"product_tag","embeddable":true,"href":"https:\/\/comexbrindes.com.br\/site\/wp-json\/wp\/v2\/product_tag?post=4535"}],"curies":[{"name":"wp","href":"https:\/\/api.w.org\/{rel}","templated":true}]}}