{"id":4531,"date":"2024-05-10T14:20:02","date_gmt":"2024-05-10T14:20:02","guid":{"rendered":"https:\/\/comexbrindes.com.br\/site\/?post_type=product&#038;p=4531"},"modified":"2025-11-06T21:04:22","modified_gmt":"2025-11-06T21:04:22","slug":"jogo-porta-copos-redondo-suporte-bambu-6-pecas-ms-42022-mb","status":"publish","type":"product","link":"https:\/\/comexbrindes.com.br\/site\/produto\/jogo-porta-copos-redondo-suporte-bambu-6-pecas-ms-42022-mb\/","title":{"rendered":"19 JOGO PORTA COPOS BAMBU, 6 PE\u00c7AS &#8211; MS.42022.MB"},"content":{"rendered":"<ul>\n<li>Jogo porta copos<\/li>\n<li>Suporte de bambu, 6 pe\u00e7as. Ecol\u00f3gicos, dur\u00e1veis e reutiliz\u00e1veis<\/li>\n<li><strong>Suporte<\/strong>: 12,0 x 12,0 x 5,0 cm<\/li>\n<li><strong>Porta copos:<\/strong> 11,0 x 11,0 cm<\/li>\n<li>Embalagem shrink<\/li>\n<\/ul>\n<p>&nbsp;<\/p>\n","protected":false},"excerpt":{"rendered":"<p>Jogo porta copos Suporte de bambu, 6 pe\u00e7as. Ecol\u00f3gicos, dur\u00e1veis e reutiliz\u00e1veis Suporte: 12,0 x 12,0 x 5,0 cm Porta copos: 11,0 x 11,0 cm Embalagem shrink &nbsp;<\/p>\n","protected":false},"featured_media":5816,"template":"","meta":[],"product_cat":[60],"product_tag":[],"class_list":{"0":"post-4531","1":"product","2":"type-product","3":"status-publish","4":"has-post-thumbnail","6":"product_cat-bar","8":"first","9":"instock","10":"shipping-taxable","11":"product-type-variable"},"_links":{"self":[{"href":"https:\/\/comexbrindes.com.br\/site\/wp-json\/wp\/v2\/product\/4531","targetHints":{"allow":["GET"]}}],"collection":[{"href":"https:\/\/comexbrindes.com.br\/site\/wp-json\/wp\/v2\/product"}],"about":[{"href":"https:\/\/comexbrindes.com.br\/site\/wp-json\/wp\/v2\/types\/product"}],"version-history":[{"count":8,"href":"https:\/\/comexbrindes.com.br\/site\/wp-json\/wp\/v2\/product\/4531\/revisions"}],"predecessor-version":[{"id":8028,"href":"https:\/\/comexbrindes.com.br\/site\/wp-json\/wp\/v2\/product\/4531\/revisions\/8028"}],"wp:featuredmedia":[{"embeddable":true,"href":"https:\/\/comexbrindes.com.br\/site\/wp-json\/wp\/v2\/media\/5816"}],"wp:attachment":[{"href":"https:\/\/comexbrindes.com.br\/site\/wp-json\/wp\/v2\/media?parent=4531"}],"wp:term":[{"taxonomy":"product_cat","embeddable":true,"href":"https:\/\/comexbrindes.com.br\/site\/wp-json\/wp\/v2\/product_cat?post=4531"},{"taxonomy":"product_tag","embeddable":true,"href":"https:\/\/comexbrindes.com.br\/site\/wp-json\/wp\/v2\/product_tag?post=4531"}],"curies":[{"name":"wp","href":"https:\/\/api.w.org\/{rel}","templated":true}]}}