{"id":4506,"date":"2024-04-30T18:54:05","date_gmt":"2024-04-30T18:54:05","guid":{"rendered":"https:\/\/comexbrindes.com.br\/site\/?post_type=product&#038;p=4506"},"modified":"2025-04-09T19:45:57","modified_gmt":"2025-04-09T19:45:57","slug":"moleskine-executivo-capa-dura-couro-sintetico-pautado-fechamento-elastico-sp-99739","status":"publish","type":"product","link":"https:\/\/comexbrindes.com.br\/site\/produto\/moleskine-executivo-capa-dura-couro-sintetico-pautado-fechamento-elastico-sp-99739\/","title":{"rendered":"10 MOLESKINE EXECUTIVO CAPA DURA COURO SINT\u00c9TICO &#8211; SP.99735"},"content":{"rendered":"<ul>\n<li>Capa dura em couro sint\u00e9tico.<\/li>\n<li><strong>96 folhas pautadas marfim.<\/strong><\/li>\n<li>Fechamento el\u00e1stico e suporte para caneta (n\u00e3o acompanha).<\/li>\n<li><strong>Tamanho:<\/strong> 14 x 21 cm.<\/li>\n<li><strong>Cores:<\/strong> azul e preto.<\/li>\n<li><strong>Grava\u00e7\u00e3o:<\/strong> tampografia uma cor em um lado.<\/li>\n<\/ul>\n","protected":false},"excerpt":{"rendered":"<p>Capa dura em couro sint\u00e9tico. 96 folhas pautadas marfim. Fechamento el\u00e1stico e suporte para caneta (n\u00e3o acompanha). Tamanho: 14 x 21 cm. Cores: azul e preto. Grava\u00e7\u00e3o: tampografia uma cor em um lado.<\/p>\n","protected":false},"featured_media":5964,"template":"","meta":[],"product_cat":[56],"product_tag":[],"class_list":{"0":"post-4506","1":"product","2":"type-product","3":"status-publish","4":"has-post-thumbnail","6":"product_cat-blocos","8":"first","9":"instock","10":"shipping-taxable","11":"product-type-variable"},"_links":{"self":[{"href":"https:\/\/comexbrindes.com.br\/site\/wp-json\/wp\/v2\/product\/4506","targetHints":{"allow":["GET"]}}],"collection":[{"href":"https:\/\/comexbrindes.com.br\/site\/wp-json\/wp\/v2\/product"}],"about":[{"href":"https:\/\/comexbrindes.com.br\/site\/wp-json\/wp\/v2\/types\/product"}],"version-history":[{"count":6,"href":"https:\/\/comexbrindes.com.br\/site\/wp-json\/wp\/v2\/product\/4506\/revisions"}],"predecessor-version":[{"id":6040,"href":"https:\/\/comexbrindes.com.br\/site\/wp-json\/wp\/v2\/product\/4506\/revisions\/6040"}],"wp:featuredmedia":[{"embeddable":true,"href":"https:\/\/comexbrindes.com.br\/site\/wp-json\/wp\/v2\/media\/5964"}],"wp:attachment":[{"href":"https:\/\/comexbrindes.com.br\/site\/wp-json\/wp\/v2\/media?parent=4506"}],"wp:term":[{"taxonomy":"product_cat","embeddable":true,"href":"https:\/\/comexbrindes.com.br\/site\/wp-json\/wp\/v2\/product_cat?post=4506"},{"taxonomy":"product_tag","embeddable":true,"href":"https:\/\/comexbrindes.com.br\/site\/wp-json\/wp\/v2\/product_tag?post=4506"}],"curies":[{"name":"wp","href":"https:\/\/api.w.org\/{rel}","templated":true}]}}