{"id":4479,"date":"2024-04-30T17:56:13","date_gmt":"2024-04-30T17:56:13","guid":{"rendered":"https:\/\/comexbrindes.com.br\/site\/?post_type=product&#038;p=4479"},"modified":"2026-04-10T11:42:45","modified_gmt":"2026-04-10T11:42:45","slug":"facas-churrasco-bainha-couro-afiador-cromado-fab-0108-ou-fab-0109","status":"publish","type":"product","link":"https:\/\/comexbrindes.com.br\/site\/produto\/facas-churrasco-bainha-couro-afiador-cromado-fab-0108-ou-fab-0109\/","title":{"rendered":"04 FACA CHURRASCO BAINHA COURO &#8211; FR.0109"},"content":{"rendered":"<ul>\n<li>Faca churrasco<strong> 9&#8243;.<\/strong><\/li>\n<li><strong>Bainha em couro marrom claro ou escuro.<\/strong><\/li>\n<li>Afiador redondo cromado e frisado.<\/li>\n<li>Confeccionadas em a\u00e7o 30.<\/li>\n<li>Cabo em madeira torneado.<\/li>\n<li><strong>Tamanho:<\/strong> Faca 9&#8243; de l\u00e2mina: 38 x 8,5 x 3 cm<\/li>\n<li><strong>Grava\u00e7\u00e3o<\/strong>: baixo relevo at\u00e9 duas cores.<\/li>\n<\/ul>\n","protected":false},"excerpt":{"rendered":"<p>Faca churrasco 9&#8243;. Bainha em couro marrom claro ou escuro. Afiador redondo cromado e frisado. Confeccionadas em a\u00e7o 30. Cabo em madeira torneado. Tamanho: Faca 9&#8243; de l\u00e2mina: 38 x 8,5 x 3 cm Grava\u00e7\u00e3o: baixo relevo at\u00e9 duas cores.<\/p>\n","protected":false},"featured_media":7304,"template":"","meta":[],"product_cat":[64],"product_tag":[],"class_list":{"0":"post-4479","1":"product","2":"type-product","3":"status-publish","4":"has-post-thumbnail","6":"product_cat-churrasco","8":"first","9":"instock","10":"shipping-taxable","11":"product-type-variable"},"_links":{"self":[{"href":"https:\/\/comexbrindes.com.br\/site\/wp-json\/wp\/v2\/product\/4479","targetHints":{"allow":["GET"]}}],"collection":[{"href":"https:\/\/comexbrindes.com.br\/site\/wp-json\/wp\/v2\/product"}],"about":[{"href":"https:\/\/comexbrindes.com.br\/site\/wp-json\/wp\/v2\/types\/product"}],"version-history":[{"count":10,"href":"https:\/\/comexbrindes.com.br\/site\/wp-json\/wp\/v2\/product\/4479\/revisions"}],"predecessor-version":[{"id":8653,"href":"https:\/\/comexbrindes.com.br\/site\/wp-json\/wp\/v2\/product\/4479\/revisions\/8653"}],"wp:featuredmedia":[{"embeddable":true,"href":"https:\/\/comexbrindes.com.br\/site\/wp-json\/wp\/v2\/media\/7304"}],"wp:attachment":[{"href":"https:\/\/comexbrindes.com.br\/site\/wp-json\/wp\/v2\/media?parent=4479"}],"wp:term":[{"taxonomy":"product_cat","embeddable":true,"href":"https:\/\/comexbrindes.com.br\/site\/wp-json\/wp\/v2\/product_cat?post=4479"},{"taxonomy":"product_tag","embeddable":true,"href":"https:\/\/comexbrindes.com.br\/site\/wp-json\/wp\/v2\/product_tag?post=4479"}],"curies":[{"name":"wp","href":"https:\/\/api.w.org\/{rel}","templated":true}]}}