{"id":4469,"date":"2024-04-30T17:46:53","date_gmt":"2024-04-30T17:46:53","guid":{"rendered":"https:\/\/comexbrindes.com.br\/site\/?post_type=product&#038;p=4469"},"modified":"2025-05-27T19:41:09","modified_gmt":"2025-05-27T19:41:09","slug":"estojo-luxo-churrasco-faca-8-garfao-e-afiador-inox-e-cabo-madeira-mm-5493","status":"publish","type":"product","link":"https:\/\/comexbrindes.com.br\/site\/produto\/estojo-luxo-churrasco-faca-8-garfao-e-afiador-inox-e-cabo-madeira-mm-5493\/","title":{"rendered":"01 ESTOJO LUXO CHURRASCO &#8211; MM-5493"},"content":{"rendered":"<ul>\n<li>Estojo luxo churrasco.<\/li>\n<li><strong>3 pe\u00e7as:<\/strong> Faca 8&#8243;, garf\u00e3o e afiador.<\/li>\n<li>Steel Inox e cabo em madeira.<\/li>\n<li>Caixa master 3 unidades.<\/li>\n<li><strong>Tamanhos:<\/strong> Faca 33cm | Garf\u00e3o 31cm | Afiador 32,5cm<\/li>\n<li><strong>Grava\u00e7\u00e3o<\/strong>: laser na faca em um lado.<\/li>\n<\/ul>\n","protected":false},"excerpt":{"rendered":"<p>Estojo luxo churrasco. 3 pe\u00e7as: Faca 8&#8243;, garf\u00e3o e afiador. Steel Inox e cabo em madeira. Caixa master 3 unidades. Tamanhos: Faca 33cm | Garf\u00e3o 31cm | Afiador 32,5cm Grava\u00e7\u00e3o: laser na faca em um lado.<\/p>\n","protected":false},"featured_media":7088,"template":"","meta":[],"product_cat":[64],"product_tag":[],"class_list":{"0":"post-4469","1":"product","2":"type-product","3":"status-publish","4":"has-post-thumbnail","6":"product_cat-churrasco","8":"first","9":"instock","10":"shipping-taxable","11":"product-type-variable"},"_links":{"self":[{"href":"https:\/\/comexbrindes.com.br\/site\/wp-json\/wp\/v2\/product\/4469","targetHints":{"allow":["GET"]}}],"collection":[{"href":"https:\/\/comexbrindes.com.br\/site\/wp-json\/wp\/v2\/product"}],"about":[{"href":"https:\/\/comexbrindes.com.br\/site\/wp-json\/wp\/v2\/types\/product"}],"version-history":[{"count":6,"href":"https:\/\/comexbrindes.com.br\/site\/wp-json\/wp\/v2\/product\/4469\/revisions"}],"predecessor-version":[{"id":6482,"href":"https:\/\/comexbrindes.com.br\/site\/wp-json\/wp\/v2\/product\/4469\/revisions\/6482"}],"wp:featuredmedia":[{"embeddable":true,"href":"https:\/\/comexbrindes.com.br\/site\/wp-json\/wp\/v2\/media\/7088"}],"wp:attachment":[{"href":"https:\/\/comexbrindes.com.br\/site\/wp-json\/wp\/v2\/media?parent=4469"}],"wp:term":[{"taxonomy":"product_cat","embeddable":true,"href":"https:\/\/comexbrindes.com.br\/site\/wp-json\/wp\/v2\/product_cat?post=4469"},{"taxonomy":"product_tag","embeddable":true,"href":"https:\/\/comexbrindes.com.br\/site\/wp-json\/wp\/v2\/product_tag?post=4469"}],"curies":[{"name":"wp","href":"https:\/\/api.w.org\/{rel}","templated":true}]}}