{"id":4465,"date":"2024-04-30T17:43:03","date_gmt":"2024-04-30T17:43:03","guid":{"rendered":"https:\/\/comexbrindes.com.br\/site\/?post_type=product&#038;p=4465"},"modified":"2025-05-27T19:51:22","modified_gmt":"2025-05-27T19:51:22","slug":"estojo-luxo-churrasco-faca-8-e-garfao-inox-e-cabo-madeira-mm-4493","status":"publish","type":"product","link":"https:\/\/comexbrindes.com.br\/site\/produto\/estojo-luxo-churrasco-faca-8-e-garfao-inox-e-cabo-madeira-mm-4493\/","title":{"rendered":"02 ESTOJO LUXO CHURRASCO &#8211; MM-4493"},"content":{"rendered":"<ul>\n<li>Estojo luxo churraso, faca 8&#8243; e garf\u00e3o.<\/li>\n<li>Steel Inox e cabo em madeira.<\/li>\n<li>Caixa master 4 unidades.<\/li>\n<li><strong>Tamanhos:<\/strong> Faca 33cm | Garf\u00e3o 31cm<\/li>\n<li><strong>Grava\u00e7\u00e3o<\/strong>: laser na faca em um lado.<\/li>\n<\/ul>\n","protected":false},"excerpt":{"rendered":"<p>Estojo luxo churraso, faca 8&#8243; e garf\u00e3o. Steel Inox e cabo em madeira. Caixa master 4 unidades. Tamanhos: Faca 33cm | Garf\u00e3o 31cm Grava\u00e7\u00e3o: laser na faca em um lado.<\/p>\n","protected":false},"featured_media":7090,"template":"","meta":[],"product_cat":[64],"product_tag":[],"class_list":{"0":"post-4465","1":"product","2":"type-product","3":"status-publish","4":"has-post-thumbnail","6":"product_cat-churrasco","8":"first","9":"instock","10":"shipping-taxable","11":"product-type-variable"},"_links":{"self":[{"href":"https:\/\/comexbrindes.com.br\/site\/wp-json\/wp\/v2\/product\/4465","targetHints":{"allow":["GET"]}}],"collection":[{"href":"https:\/\/comexbrindes.com.br\/site\/wp-json\/wp\/v2\/product"}],"about":[{"href":"https:\/\/comexbrindes.com.br\/site\/wp-json\/wp\/v2\/types\/product"}],"version-history":[{"count":6,"href":"https:\/\/comexbrindes.com.br\/site\/wp-json\/wp\/v2\/product\/4465\/revisions"}],"predecessor-version":[{"id":6484,"href":"https:\/\/comexbrindes.com.br\/site\/wp-json\/wp\/v2\/product\/4465\/revisions\/6484"}],"wp:featuredmedia":[{"embeddable":true,"href":"https:\/\/comexbrindes.com.br\/site\/wp-json\/wp\/v2\/media\/7090"}],"wp:attachment":[{"href":"https:\/\/comexbrindes.com.br\/site\/wp-json\/wp\/v2\/media?parent=4465"}],"wp:term":[{"taxonomy":"product_cat","embeddable":true,"href":"https:\/\/comexbrindes.com.br\/site\/wp-json\/wp\/v2\/product_cat?post=4465"},{"taxonomy":"product_tag","embeddable":true,"href":"https:\/\/comexbrindes.com.br\/site\/wp-json\/wp\/v2\/product_tag?post=4465"}],"curies":[{"name":"wp","href":"https:\/\/api.w.org\/{rel}","templated":true}]}}