{"id":4376,"date":"2024-04-29T14:33:37","date_gmt":"2024-04-29T14:33:37","guid":{"rendered":"https:\/\/comexbrindes.com.br\/site\/?post_type=product&#038;p=4376"},"modified":"2026-02-23T20:03:15","modified_gmt":"2026-02-23T20:03:15","slug":"pestiqueira-babum-redonda-com-duas-divisorias-mm-4633","status":"publish","type":"product","link":"https:\/\/comexbrindes.com.br\/site\/produto\/pestiqueira-babum-redonda-com-duas-divisorias-mm-4633\/","title":{"rendered":"PESTIQUEIRA BAMBU, 2 DIVIS\u00d3RIAS &#8211; MS.4633"},"content":{"rendered":"<ul>\n<li>2 divis\u00f3rias.<\/li>\n<li><strong>Cor apenas bambu natural.<\/strong><\/li>\n<li><strong>Tamanho:<\/strong> \u00d832cm x 3,6cm<\/li>\n<li><strong>Grava\u00e7\u00e3o:<\/strong> laser<\/li>\n<\/ul>\n","protected":false},"excerpt":{"rendered":"<p>2 divis\u00f3rias. Cor apenas bambu natural. Tamanho: \u00d832cm x 3,6cm Grava\u00e7\u00e3o: laser<\/p>\n","protected":false},"featured_media":7733,"template":"","meta":[],"product_cat":[95],"product_tag":[],"class_list":{"0":"post-4376","1":"product","2":"type-product","3":"status-publish","4":"has-post-thumbnail","6":"product_cat-queijo-vinho","8":"first","9":"instock","10":"shipping-taxable","11":"product-type-variable"},"_links":{"self":[{"href":"https:\/\/comexbrindes.com.br\/site\/wp-json\/wp\/v2\/product\/4376","targetHints":{"allow":["GET"]}}],"collection":[{"href":"https:\/\/comexbrindes.com.br\/site\/wp-json\/wp\/v2\/product"}],"about":[{"href":"https:\/\/comexbrindes.com.br\/site\/wp-json\/wp\/v2\/types\/product"}],"version-history":[{"count":9,"href":"https:\/\/comexbrindes.com.br\/site\/wp-json\/wp\/v2\/product\/4376\/revisions"}],"predecessor-version":[{"id":8450,"href":"https:\/\/comexbrindes.com.br\/site\/wp-json\/wp\/v2\/product\/4376\/revisions\/8450"}],"wp:featuredmedia":[{"embeddable":true,"href":"https:\/\/comexbrindes.com.br\/site\/wp-json\/wp\/v2\/media\/7733"}],"wp:attachment":[{"href":"https:\/\/comexbrindes.com.br\/site\/wp-json\/wp\/v2\/media?parent=4376"}],"wp:term":[{"taxonomy":"product_cat","embeddable":true,"href":"https:\/\/comexbrindes.com.br\/site\/wp-json\/wp\/v2\/product_cat?post=4376"},{"taxonomy":"product_tag","embeddable":true,"href":"https:\/\/comexbrindes.com.br\/site\/wp-json\/wp\/v2\/product_tag?post=4376"}],"curies":[{"name":"wp","href":"https:\/\/api.w.org\/{rel}","templated":true}]}}