{"id":4362,"date":"2024-04-29T14:12:32","date_gmt":"2024-04-29T14:12:32","guid":{"rendered":"https:\/\/comexbrindes.com.br\/site\/?post_type=product&#038;p=4362"},"modified":"2025-10-22T12:28:58","modified_gmt":"2025-10-22T12:28:58","slug":"coqueteleira-shake-plastica-600ml-tampa-rosqueavel-bocal-e-trava-zbx-24921","status":"publish","type":"product","link":"https:\/\/comexbrindes.com.br\/site\/produto\/coqueteleira-shake-plastica-600ml-tampa-rosqueavel-bocal-e-trava-zbx-24921\/","title":{"rendered":"COQUETELEIRA SHAKE PL\u00c1STICA, 600ML &#8211; ZBX.24921"},"content":{"rendered":"<ul>\n<li>Coqueteleira shake pl\u00e1stica.<\/li>\n<li>600ML.<\/li>\n<li>Tampa rosque\u00e1vel com bocal e trava de seguran\u00e7a.<\/li>\n<li>Acompanha <strong>misturador de mola<\/strong>.<\/li>\n<li>Escala de medi\u00e7\u00f5es em <strong>ML e OZ.<\/strong><\/li>\n<li><strong>Tamanho:<\/strong> 22 x 9,8 x 26,6 cm circunfer\u00eancia<\/li>\n<li><strong>Cores: <\/strong>azul, preto, verde e vermelho.<\/li>\n<li><strong>Grava\u00e7\u00e3o:<\/strong> tampografia 1 cor, 1 lado.<\/li>\n<\/ul>\n","protected":false},"excerpt":{"rendered":"<p>Coqueteleira shake pl\u00e1stica. 600ML. Tampa rosque\u00e1vel com bocal e trava de seguran\u00e7a. Acompanha misturador de mola. Escala de medi\u00e7\u00f5es em ML e OZ. Tamanho: 22 x 9,8 x 26,6 cm circunfer\u00eancia Cores: azul, preto, verde e vermelho. Grava\u00e7\u00e3o: tampografia 1 cor, 1 lado.<\/p>\n","protected":false},"featured_media":6293,"template":"","meta":[],"product_cat":[77],"product_tag":[],"class_list":{"0":"post-4362","1":"product","2":"type-product","3":"status-publish","4":"has-post-thumbnail","6":"product_cat-squeezes-garrafas","8":"first","9":"instock","10":"shipping-taxable","11":"product-type-variable"},"_links":{"self":[{"href":"https:\/\/comexbrindes.com.br\/site\/wp-json\/wp\/v2\/product\/4362","targetHints":{"allow":["GET"]}}],"collection":[{"href":"https:\/\/comexbrindes.com.br\/site\/wp-json\/wp\/v2\/product"}],"about":[{"href":"https:\/\/comexbrindes.com.br\/site\/wp-json\/wp\/v2\/types\/product"}],"version-history":[{"count":8,"href":"https:\/\/comexbrindes.com.br\/site\/wp-json\/wp\/v2\/product\/4362\/revisions"}],"predecessor-version":[{"id":7798,"href":"https:\/\/comexbrindes.com.br\/site\/wp-json\/wp\/v2\/product\/4362\/revisions\/7798"}],"wp:featuredmedia":[{"embeddable":true,"href":"https:\/\/comexbrindes.com.br\/site\/wp-json\/wp\/v2\/media\/6293"}],"wp:attachment":[{"href":"https:\/\/comexbrindes.com.br\/site\/wp-json\/wp\/v2\/media?parent=4362"}],"wp:term":[{"taxonomy":"product_cat","embeddable":true,"href":"https:\/\/comexbrindes.com.br\/site\/wp-json\/wp\/v2\/product_cat?post=4362"},{"taxonomy":"product_tag","embeddable":true,"href":"https:\/\/comexbrindes.com.br\/site\/wp-json\/wp\/v2\/product_tag?post=4362"}],"curies":[{"name":"wp","href":"https:\/\/api.w.org\/{rel}","templated":true}]}}