{"id":3865,"date":"2024-04-25T15:27:22","date_gmt":"2024-04-25T15:27:22","guid":{"rendered":"https:\/\/comexbrindes.com.br\/site\/?post_type=product&#038;p=3865"},"modified":"2026-01-21T14:26:22","modified_gmt":"2026-01-21T14:26:22","slug":"caderno-anotacoes-grande-21cmx28cm-cad-2128","status":"publish","type":"product","link":"https:\/\/comexbrindes.com.br\/site\/produto\/caderno-anotacoes-grande-21cmx28cm-cad-2128\/","title":{"rendered":"CADERNO ANOTA\u00c7\u00d5ES GRANDE 21 x 28 CM &#8211; LP.2128"},"content":{"rendered":"<ul>\n<li><strong>Wire-o<\/strong> duplo preto ou prata.<\/li>\n<li>Lamina\u00e7\u00e3o cromia (cores), brilho ou fosco.<\/li>\n<li><strong>Encarte<\/strong> colorido.<\/li>\n<li><strong>P\u00e1gina de dados pessoais<\/strong> e<strong> calend\u00e1rios<\/strong> do ano vigente + seguinte.<\/li>\n<li><strong>192 p\u00e1ginas pautadas<\/strong> com impress\u00e3o cinza padr\u00e3o como nas fotos.<\/li>\n<li>Cliente dever\u00e1 oferecer arte final.<\/li>\n<li><strong>Tamanho:<\/strong> 21 x 28 cm<\/li>\n<li><strong>Embalado shrink indivual.<\/strong><\/li>\n<\/ul>\n","protected":false},"excerpt":{"rendered":"<p>Wire-o duplo preto ou prata. Lamina\u00e7\u00e3o cromia (cores), brilho ou fosco. Encarte colorido. P\u00e1gina de dados pessoais e calend\u00e1rios do ano vigente + seguinte. 192 p\u00e1ginas pautadas com impress\u00e3o cinza padr\u00e3o como nas fotos. Cliente dever\u00e1 oferecer arte final. Tamanho: 21 x 28 cm Embalado shrink indivual.<\/p>\n","protected":false},"featured_media":5351,"template":"","meta":[],"product_cat":[62],"product_tag":[],"class_list":{"0":"post-3865","1":"product","2":"type-product","3":"status-publish","4":"has-post-thumbnail","6":"product_cat-cadernos","8":"first","9":"instock","10":"shipping-taxable","11":"product-type-variable"},"_links":{"self":[{"href":"https:\/\/comexbrindes.com.br\/site\/wp-json\/wp\/v2\/product\/3865","targetHints":{"allow":["GET"]}}],"collection":[{"href":"https:\/\/comexbrindes.com.br\/site\/wp-json\/wp\/v2\/product"}],"about":[{"href":"https:\/\/comexbrindes.com.br\/site\/wp-json\/wp\/v2\/types\/product"}],"version-history":[{"count":4,"href":"https:\/\/comexbrindes.com.br\/site\/wp-json\/wp\/v2\/product\/3865\/revisions"}],"predecessor-version":[{"id":8147,"href":"https:\/\/comexbrindes.com.br\/site\/wp-json\/wp\/v2\/product\/3865\/revisions\/8147"}],"wp:featuredmedia":[{"embeddable":true,"href":"https:\/\/comexbrindes.com.br\/site\/wp-json\/wp\/v2\/media\/5351"}],"wp:attachment":[{"href":"https:\/\/comexbrindes.com.br\/site\/wp-json\/wp\/v2\/media?parent=3865"}],"wp:term":[{"taxonomy":"product_cat","embeddable":true,"href":"https:\/\/comexbrindes.com.br\/site\/wp-json\/wp\/v2\/product_cat?post=3865"},{"taxonomy":"product_tag","embeddable":true,"href":"https:\/\/comexbrindes.com.br\/site\/wp-json\/wp\/v2\/product_tag?post=3865"}],"curies":[{"name":"wp","href":"https:\/\/api.w.org\/{rel}","templated":true}]}}