{"id":3860,"date":"2024-04-25T15:20:04","date_gmt":"2024-04-25T15:20:04","guid":{"rendered":"https:\/\/comexbrindes.com.br\/site\/?post_type=product&#038;p=3860"},"modified":"2026-01-26T17:49:07","modified_gmt":"2026-01-26T17:49:07","slug":"caderno-anotacoes-tamanhos-especiais-folotux-brilho-ou-fosco-cad-11","status":"publish","type":"product","link":"https:\/\/comexbrindes.com.br\/site\/produto\/caderno-anotacoes-tamanhos-especiais-folotux-brilho-ou-fosco-cad-11\/","title":{"rendered":"CADERNO ANOTA\u00c7\u00d5ES TAMANHO ESPECIAL BRILHO OU FOSCO &#8211; LP.11"},"content":{"rendered":"<ul>\n<li><strong>Wire-o<\/strong>\u00a0duplo preto ou prata.<\/li>\n<li>Fura\u00e7\u00e3o na parte superior do caderno<\/li>\n<li>Lamina\u00e7\u00e3o cromia (cores), brilho ou fosco.<\/li>\n<li><strong>Encarte<\/strong>\u00a0colorido.<\/li>\n<li><strong>P\u00e1gina de dados pessoais<\/strong>\u00a0e<strong>\u00a0calend\u00e1rios<\/strong>\u00a0do ano vigente + seguinte.<\/li>\n<li><strong>192 p\u00e1ginas pautadas<\/strong>\u00a0com impress\u00e3o cinza padr\u00e3o como nas fotos.<\/li>\n<li>Cliente dever\u00e1 oferecer arte final.<\/li>\n<li><strong>Tamanho:<\/strong> 20 x 23 cm<\/li>\n<li><strong>Embalado shrink indivual.<\/strong><\/li>\n<\/ul>\n","protected":false},"excerpt":{"rendered":"<p>Wire-o\u00a0duplo preto ou prata. Fura\u00e7\u00e3o na parte superior do caderno Lamina\u00e7\u00e3o cromia (cores), brilho ou fosco. Encarte\u00a0colorido. P\u00e1gina de dados pessoais\u00a0e\u00a0calend\u00e1rios\u00a0do ano vigente + seguinte. 192 p\u00e1ginas pautadas\u00a0com impress\u00e3o cinza padr\u00e3o como nas fotos. Cliente dever\u00e1 oferecer arte final. Tamanho: 20 x 23 cm Embalado shrink indivual.<\/p>\n","protected":false},"featured_media":5356,"template":"","meta":[],"product_cat":[62],"product_tag":[],"class_list":{"0":"post-3860","1":"product","2":"type-product","3":"status-publish","4":"has-post-thumbnail","6":"product_cat-cadernos","8":"first","9":"instock","10":"shipping-taxable","11":"product-type-variable"},"_links":{"self":[{"href":"https:\/\/comexbrindes.com.br\/site\/wp-json\/wp\/v2\/product\/3860","targetHints":{"allow":["GET"]}}],"collection":[{"href":"https:\/\/comexbrindes.com.br\/site\/wp-json\/wp\/v2\/product"}],"about":[{"href":"https:\/\/comexbrindes.com.br\/site\/wp-json\/wp\/v2\/types\/product"}],"version-history":[{"count":3,"href":"https:\/\/comexbrindes.com.br\/site\/wp-json\/wp\/v2\/product\/3860\/revisions"}],"predecessor-version":[{"id":8263,"href":"https:\/\/comexbrindes.com.br\/site\/wp-json\/wp\/v2\/product\/3860\/revisions\/8263"}],"wp:featuredmedia":[{"embeddable":true,"href":"https:\/\/comexbrindes.com.br\/site\/wp-json\/wp\/v2\/media\/5356"}],"wp:attachment":[{"href":"https:\/\/comexbrindes.com.br\/site\/wp-json\/wp\/v2\/media?parent=3860"}],"wp:term":[{"taxonomy":"product_cat","embeddable":true,"href":"https:\/\/comexbrindes.com.br\/site\/wp-json\/wp\/v2\/product_cat?post=3860"},{"taxonomy":"product_tag","embeddable":true,"href":"https:\/\/comexbrindes.com.br\/site\/wp-json\/wp\/v2\/product_tag?post=3860"}],"curies":[{"name":"wp","href":"https:\/\/api.w.org\/{rel}","templated":true}]}}