{"id":3850,"date":"2024-04-25T15:00:30","date_gmt":"2024-04-25T15:00:30","guid":{"rendered":"https:\/\/comexbrindes.com.br\/site\/?post_type=product&#038;p=3850"},"modified":"2026-01-27T13:50:18","modified_gmt":"2026-01-27T13:50:18","slug":"porta-joias-luxo-couro-sintetico-zbx-81610","status":"publish","type":"product","link":"https:\/\/comexbrindes.com.br\/site\/produto\/porta-joias-luxo-couro-sintetico-zbx-81610\/","title":{"rendered":"15 PORTA-JOIAS LUXO, COURO SINT\u00c9TICO &#8211; BX.81610"},"content":{"rendered":"<ul>\n<li>Porta-joias de couro sint\u00e9tico com revestimento aveludado.<\/li>\n<li>Possui compartimentos internos para an\u00e9is, brincos, pulseiras e colares.<\/li>\n<li><strong>Tamanho:<\/strong> 4,7 x 9,5 x 9,5 cm<\/li>\n<li><strong>Cores:<\/strong> azul claro, bege, branco, cinza, creme, pink, preto, rosa claro, salm\u00e3o, verde \u00e1gua e vermelho.<\/li>\n<li><strong>Grava\u00e7\u00e3o:<\/strong> tampografia em um lado com uma cor.<\/li>\n<\/ul>\n","protected":false},"excerpt":{"rendered":"<p>Porta-joias de couro sint\u00e9tico com revestimento aveludado. Possui compartimentos internos para an\u00e9is, brincos, pulseiras e colares. Tamanho: 4,7 x 9,5 x 9,5 cm Cores: azul claro, bege, branco, cinza, creme, pink, preto, rosa claro, salm\u00e3o, verde \u00e1gua e vermelho. Grava\u00e7\u00e3o: tampografia em um lado com uma cor.<\/p>\n","protected":false},"featured_media":7622,"template":"","meta":[],"product_cat":[67],"product_tag":[],"class_list":{"0":"post-3850","1":"product","2":"type-product","3":"status-publish","4":"has-post-thumbnail","6":"product_cat-linha-mulher","8":"first","9":"instock","10":"shipping-taxable","11":"product-type-variable"},"_links":{"self":[{"href":"https:\/\/comexbrindes.com.br\/site\/wp-json\/wp\/v2\/product\/3850","targetHints":{"allow":["GET"]}}],"collection":[{"href":"https:\/\/comexbrindes.com.br\/site\/wp-json\/wp\/v2\/product"}],"about":[{"href":"https:\/\/comexbrindes.com.br\/site\/wp-json\/wp\/v2\/types\/product"}],"version-history":[{"count":4,"href":"https:\/\/comexbrindes.com.br\/site\/wp-json\/wp\/v2\/product\/3850\/revisions"}],"predecessor-version":[{"id":8308,"href":"https:\/\/comexbrindes.com.br\/site\/wp-json\/wp\/v2\/product\/3850\/revisions\/8308"}],"wp:featuredmedia":[{"embeddable":true,"href":"https:\/\/comexbrindes.com.br\/site\/wp-json\/wp\/v2\/media\/7622"}],"wp:attachment":[{"href":"https:\/\/comexbrindes.com.br\/site\/wp-json\/wp\/v2\/media?parent=3850"}],"wp:term":[{"taxonomy":"product_cat","embeddable":true,"href":"https:\/\/comexbrindes.com.br\/site\/wp-json\/wp\/v2\/product_cat?post=3850"},{"taxonomy":"product_tag","embeddable":true,"href":"https:\/\/comexbrindes.com.br\/site\/wp-json\/wp\/v2\/product_tag?post=3850"}],"curies":[{"name":"wp","href":"https:\/\/api.w.org\/{rel}","templated":true}]}}