{"id":3834,"date":"2024-04-25T14:50:53","date_gmt":"2024-04-25T14:50:53","guid":{"rendered":"https:\/\/comexbrindes.com.br\/site\/?post_type=product&#038;p=3834"},"modified":"2026-01-27T13:46:16","modified_gmt":"2026-01-27T13:46:16","slug":"porta-joias-luxo-couro-sintetico-zbx-22610","status":"publish","type":"product","link":"https:\/\/comexbrindes.com.br\/site\/produto\/porta-joias-luxo-couro-sintetico-zbx-22610\/","title":{"rendered":"13 PORTA JOIAS LUXO COURO SINT\u00c9TICO &#8211; BX.22610"},"content":{"rendered":"<ul>\n<li>Porta joias de couro sint\u00e9tico com revestimento aveludado.<\/li>\n<li>Possui compartimentos internos para an\u00e9is, brincos, pulseiras e colares.<\/li>\n<li><strong>Tamanho: <\/strong>5,2 x 10 x 10 cm.<\/li>\n<li><strong>Cores: <\/strong>azul claro, azul escuro, bege, branco, creme, preto, rosa claro, rosa escuro, verde \u00e1gua, vinho.<\/li>\n<li><strong>Grava\u00e7\u00e3o:<\/strong> tampografia em um lado com uma cor.<\/li>\n<\/ul>\n","protected":false},"excerpt":{"rendered":"<p>Porta joias de couro sint\u00e9tico com revestimento aveludado. Possui compartimentos internos para an\u00e9is, brincos, pulseiras e colares. Tamanho: 5,2 x 10 x 10 cm. Cores: azul claro, azul escuro, bege, branco, creme, preto, rosa claro, rosa escuro, verde \u00e1gua, vinho. Grava\u00e7\u00e3o: tampografia em um lado com uma cor.<\/p>\n","protected":false},"featured_media":7634,"template":"","meta":[],"product_cat":[67],"product_tag":[],"class_list":{"0":"post-3834","1":"product","2":"type-product","3":"status-publish","4":"has-post-thumbnail","6":"product_cat-linha-mulher","8":"first","9":"instock","10":"shipping-taxable","11":"product-type-variable"},"_links":{"self":[{"href":"https:\/\/comexbrindes.com.br\/site\/wp-json\/wp\/v2\/product\/3834","targetHints":{"allow":["GET"]}}],"collection":[{"href":"https:\/\/comexbrindes.com.br\/site\/wp-json\/wp\/v2\/product"}],"about":[{"href":"https:\/\/comexbrindes.com.br\/site\/wp-json\/wp\/v2\/types\/product"}],"version-history":[{"count":5,"href":"https:\/\/comexbrindes.com.br\/site\/wp-json\/wp\/v2\/product\/3834\/revisions"}],"predecessor-version":[{"id":8306,"href":"https:\/\/comexbrindes.com.br\/site\/wp-json\/wp\/v2\/product\/3834\/revisions\/8306"}],"wp:featuredmedia":[{"embeddable":true,"href":"https:\/\/comexbrindes.com.br\/site\/wp-json\/wp\/v2\/media\/7634"}],"wp:attachment":[{"href":"https:\/\/comexbrindes.com.br\/site\/wp-json\/wp\/v2\/media?parent=3834"}],"wp:term":[{"taxonomy":"product_cat","embeddable":true,"href":"https:\/\/comexbrindes.com.br\/site\/wp-json\/wp\/v2\/product_cat?post=3834"},{"taxonomy":"product_tag","embeddable":true,"href":"https:\/\/comexbrindes.com.br\/site\/wp-json\/wp\/v2\/product_tag?post=3834"}],"curies":[{"name":"wp","href":"https:\/\/api.w.org\/{rel}","templated":true}]}}