{"id":3824,"date":"2024-04-25T14:39:29","date_gmt":"2024-04-25T14:39:29","guid":{"rendered":"https:\/\/comexbrindes.com.br\/site\/?post_type=product&#038;p=3824"},"modified":"2026-01-27T13:52:05","modified_gmt":"2026-01-27T13:52:05","slug":"porta-joias-espelho-couro-sintetico-zbx-71781","status":"publish","type":"product","link":"https:\/\/comexbrindes.com.br\/site\/produto\/porta-joias-espelho-couro-sintetico-zbx-71781\/","title":{"rendered":"16 PORTA-JOIAS ESPELHO COURO SINT\u00c9TICO &#8211; BX.71781"},"content":{"rendered":"<ul>\n<li>Porta-joias em couro sint\u00e9tico com revestimento aveludado e espelho.<\/li>\n<li>Possui compartimentos internos para an\u00e9is, pulseiras, colares e placas para brincos.<\/li>\n<li><strong>Tamanho:<\/strong> 5,8 x 14,3 x 20,4 cm.<\/li>\n<li><strong>Cores:<\/strong> bege, rosa escuro, salm\u00e3o, verde e vermelho. <strong><em>Dispon\u00edvel apenas em vermelho.<\/em><\/strong><\/li>\n<li><strong>Grava\u00e7\u00e3o:<\/strong> tampografia em um lado com uma cor.<\/li>\n<\/ul>\n","protected":false},"excerpt":{"rendered":"<p>Porta-joias em couro sint\u00e9tico com revestimento aveludado e espelho. Possui compartimentos internos para an\u00e9is, pulseiras, colares e placas para brincos. Tamanho: 5,8 x 14,3 x 20,4 cm. Cores: bege, rosa escuro, salm\u00e3o, verde e vermelho. Dispon\u00edvel apenas em vermelho. Grava\u00e7\u00e3o: tampografia em um lado com uma cor.<\/p>\n","protected":false},"featured_media":6154,"template":"","meta":[],"product_cat":[67],"product_tag":[],"class_list":{"0":"post-3824","1":"product","2":"type-product","3":"status-publish","4":"has-post-thumbnail","6":"product_cat-linha-mulher","8":"first","9":"instock","10":"shipping-taxable","11":"product-type-variable"},"_links":{"self":[{"href":"https:\/\/comexbrindes.com.br\/site\/wp-json\/wp\/v2\/product\/3824","targetHints":{"allow":["GET"]}}],"collection":[{"href":"https:\/\/comexbrindes.com.br\/site\/wp-json\/wp\/v2\/product"}],"about":[{"href":"https:\/\/comexbrindes.com.br\/site\/wp-json\/wp\/v2\/types\/product"}],"version-history":[{"count":6,"href":"https:\/\/comexbrindes.com.br\/site\/wp-json\/wp\/v2\/product\/3824\/revisions"}],"predecessor-version":[{"id":8309,"href":"https:\/\/comexbrindes.com.br\/site\/wp-json\/wp\/v2\/product\/3824\/revisions\/8309"}],"wp:featuredmedia":[{"embeddable":true,"href":"https:\/\/comexbrindes.com.br\/site\/wp-json\/wp\/v2\/media\/6154"}],"wp:attachment":[{"href":"https:\/\/comexbrindes.com.br\/site\/wp-json\/wp\/v2\/media?parent=3824"}],"wp:term":[{"taxonomy":"product_cat","embeddable":true,"href":"https:\/\/comexbrindes.com.br\/site\/wp-json\/wp\/v2\/product_cat?post=3824"},{"taxonomy":"product_tag","embeddable":true,"href":"https:\/\/comexbrindes.com.br\/site\/wp-json\/wp\/v2\/product_tag?post=3824"}],"curies":[{"name":"wp","href":"https:\/\/api.w.org\/{rel}","templated":true}]}}