{"id":3809,"date":"2024-04-25T14:26:24","date_gmt":"2024-04-25T14:26:24","guid":{"rendered":"https:\/\/comexbrindes.com.br\/site\/?post_type=product&#038;p=3809"},"modified":"2026-01-27T13:57:27","modified_gmt":"2026-01-27T13:57:27","slug":"kit-manicure-07-pecas-couro-sintetico-zbx-04060","status":"publish","type":"product","link":"https:\/\/comexbrindes.com.br\/site\/produto\/kit-manicure-07-pecas-couro-sintetico-zbx-04060\/","title":{"rendered":"19 KIT MANICURE, 07 PE\u00c7AS, COURO SINT\u00c9TICO &#8211; BX.04060"},"content":{"rendered":"<div class=\"desc\">\n<ul>\n<li class=\"desc-tit\"><span class=\"desc-sub my-desc-sub\">Kit manicure 7 pe\u00e7as em estojo de couro sint\u00e9tico. <\/span><\/li>\n<li class=\"desc-tit\"><span class=\"desc-sub my-desc-sub\"><strong>Cont\u00e9m:<\/strong> tesoura, 2 cortadores de unha, pin\u00e7a, lixa, empurrador de cut\u00edcula e esp\u00e1tula para ouvido.<\/span><\/li>\n<li class=\"desc-tit\"><strong>Tamanho:<\/strong>\u00a0 8,9 x<span class=\"desc-sub\"> 7,3 cm.<\/span><\/li>\n<li><strong>Cores:<\/strong> azul e preto.<\/li>\n<li><strong>Grava\u00e7\u00e3o:<\/strong> tampografia em um lado com uma cor.<\/li>\n<\/ul>\n<\/div>\n<div class=\"desc\"><\/div>\n","protected":false},"excerpt":{"rendered":"<p>Kit manicure 7 pe\u00e7as em estojo de couro sint\u00e9tico. Cont\u00e9m: tesoura, 2 cortadores de unha, pin\u00e7a, lixa, empurrador de cut\u00edcula e esp\u00e1tula para ouvido. Tamanho:\u00a0 8,9 x 7,3 cm. Cores: azul e preto. Grava\u00e7\u00e3o: tampografia em um lado com uma cor.<\/p>\n","protected":false},"featured_media":7302,"template":"","meta":[],"product_cat":[67],"product_tag":[],"class_list":{"0":"post-3809","1":"product","2":"type-product","3":"status-publish","4":"has-post-thumbnail","6":"product_cat-linha-mulher","8":"first","9":"instock","10":"shipping-taxable","11":"product-type-variable"},"_links":{"self":[{"href":"https:\/\/comexbrindes.com.br\/site\/wp-json\/wp\/v2\/product\/3809","targetHints":{"allow":["GET"]}}],"collection":[{"href":"https:\/\/comexbrindes.com.br\/site\/wp-json\/wp\/v2\/product"}],"about":[{"href":"https:\/\/comexbrindes.com.br\/site\/wp-json\/wp\/v2\/types\/product"}],"version-history":[{"count":7,"href":"https:\/\/comexbrindes.com.br\/site\/wp-json\/wp\/v2\/product\/3809\/revisions"}],"predecessor-version":[{"id":8312,"href":"https:\/\/comexbrindes.com.br\/site\/wp-json\/wp\/v2\/product\/3809\/revisions\/8312"}],"wp:featuredmedia":[{"embeddable":true,"href":"https:\/\/comexbrindes.com.br\/site\/wp-json\/wp\/v2\/media\/7302"}],"wp:attachment":[{"href":"https:\/\/comexbrindes.com.br\/site\/wp-json\/wp\/v2\/media?parent=3809"}],"wp:term":[{"taxonomy":"product_cat","embeddable":true,"href":"https:\/\/comexbrindes.com.br\/site\/wp-json\/wp\/v2\/product_cat?post=3809"},{"taxonomy":"product_tag","embeddable":true,"href":"https:\/\/comexbrindes.com.br\/site\/wp-json\/wp\/v2\/product_tag?post=3809"}],"curies":[{"name":"wp","href":"https:\/\/api.w.org\/{rel}","templated":true}]}}