{"id":3794,"date":"2024-04-25T14:16:54","date_gmt":"2024-04-25T14:16:54","guid":{"rendered":"https:\/\/comexbrindes.com.br\/site\/?post_type=product&#038;p=3794"},"modified":"2025-10-17T17:18:39","modified_gmt":"2025-10-17T17:18:39","slug":"espelho-de-bolsa-duplo-em-cortica-fecho-magnetico-sp-89849","status":"publish","type":"product","link":"https:\/\/comexbrindes.com.br\/site\/produto\/espelho-de-bolsa-duplo-em-cortica-fecho-magnetico-sp-89849\/","title":{"rendered":"02 ESPELHO DE BOLSA DUPLO EM CORTI\u00c7A FECHO MAGN\u00c9TICO &#8211; SP.89849"},"content":{"rendered":"<ul>\n<li>Espelho de bolsa duplo em corti\u00e7a com fecho magn\u00e9tico.<\/li>\n<li>Fornecido em saco de papel natural.<\/li>\n<li><strong>Tamanho:<\/strong> \u00f87,3 x 2 cm<\/li>\n<li><strong>Cor apenas corti\u00e7a natural.<\/strong><\/li>\n<li><strong>Grava\u00e7\u00e3o:<\/strong> Tampografia um lado em uma cor.<\/li>\n<\/ul>\n","protected":false},"excerpt":{"rendered":"<p>Espelho de bolsa duplo em corti\u00e7a com fecho magn\u00e9tico. Fornecido em saco de papel natural. Tamanho: \u00f87,3 x 2 cm Cor apenas corti\u00e7a natural. Grava\u00e7\u00e3o: Tampografia um lado em uma cor.<\/p>\n","protected":false},"featured_media":6170,"template":"","meta":[],"product_cat":[67],"product_tag":[],"class_list":{"0":"post-3794","1":"product","2":"type-product","3":"status-publish","4":"has-post-thumbnail","6":"product_cat-linha-mulher","8":"first","9":"outofstock","10":"shipping-taxable","11":"product-type-variable"},"_links":{"self":[{"href":"https:\/\/comexbrindes.com.br\/site\/wp-json\/wp\/v2\/product\/3794","targetHints":{"allow":["GET"]}}],"collection":[{"href":"https:\/\/comexbrindes.com.br\/site\/wp-json\/wp\/v2\/product"}],"about":[{"href":"https:\/\/comexbrindes.com.br\/site\/wp-json\/wp\/v2\/types\/product"}],"version-history":[{"count":5,"href":"https:\/\/comexbrindes.com.br\/site\/wp-json\/wp\/v2\/product\/3794\/revisions"}],"predecessor-version":[{"id":6243,"href":"https:\/\/comexbrindes.com.br\/site\/wp-json\/wp\/v2\/product\/3794\/revisions\/6243"}],"wp:featuredmedia":[{"embeddable":true,"href":"https:\/\/comexbrindes.com.br\/site\/wp-json\/wp\/v2\/media\/6170"}],"wp:attachment":[{"href":"https:\/\/comexbrindes.com.br\/site\/wp-json\/wp\/v2\/media?parent=3794"}],"wp:term":[{"taxonomy":"product_cat","embeddable":true,"href":"https:\/\/comexbrindes.com.br\/site\/wp-json\/wp\/v2\/product_cat?post=3794"},{"taxonomy":"product_tag","embeddable":true,"href":"https:\/\/comexbrindes.com.br\/site\/wp-json\/wp\/v2\/product_tag?post=3794"}],"curies":[{"name":"wp","href":"https:\/\/api.w.org\/{rel}","templated":true}]}}