{"id":3788,"date":"2024-04-25T14:08:38","date_gmt":"2024-04-25T14:08:38","guid":{"rendered":"https:\/\/comexbrindes.com.br\/site\/?post_type=product&#038;p=3788"},"modified":"2025-08-27T13:29:51","modified_gmt":"2025-08-27T13:29:51","slug":"guarda-sol-reclinavel-em-poliester-210t-forro-prateado-bolsa-transporte-sp-02389","status":"publish","type":"product","link":"https:\/\/comexbrindes.com.br\/site\/produto\/guarda-sol-reclinavel-em-poliester-210t-forro-prateado-bolsa-transporte-sp-02389\/","title":{"rendered":"GUARDA-SOL RECLIN\u00c1VEL, POLI\u00c9STER, FORRO PRATEADO &#8211; SP.02389"},"content":{"rendered":"<ul>\n<li>Guarda-sol reclin\u00e1vel em 210T com forro prateado.<\/li>\n<li>Fornecido em bolsa com al\u00e7a.<\/li>\n<li><strong>Tamanhos &#8211;<\/strong> <em>Guarda-sol:<\/em> \u00f8140 x 160 cm | <em>Bolsa:<\/em> 101 x 11 cm<\/li>\n<li><strong>Cores:\u00a0<\/strong>azul, vermelho, verde claro e cinza claro.<\/li>\n<li><strong>Grava\u00e7\u00e3o:<\/strong> Tampografia nos 4 gomos em uma cor.<\/li>\n<\/ul>\n","protected":false},"excerpt":{"rendered":"<p>Guarda-sol reclin\u00e1vel em 210T com forro prateado. Fornecido em bolsa com al\u00e7a. Tamanhos &#8211; Guarda-sol: \u00f8140 x 160 cm | Bolsa: 101 x 11 cm Cores:\u00a0azul, vermelho, verde claro e cinza claro. Grava\u00e7\u00e3o: Tampografia nos 4 gomos em uma cor.<\/p>\n","protected":false},"featured_media":7644,"template":"","meta":[],"product_cat":[78],"product_tag":[],"class_list":{"0":"post-3788","1":"product","2":"type-product","3":"status-publish","4":"has-post-thumbnail","6":"product_cat-sol-chuva-e-lazer","8":"first","9":"instock","10":"shipping-taxable","11":"product-type-variable"},"_links":{"self":[{"href":"https:\/\/comexbrindes.com.br\/site\/wp-json\/wp\/v2\/product\/3788","targetHints":{"allow":["GET"]}}],"collection":[{"href":"https:\/\/comexbrindes.com.br\/site\/wp-json\/wp\/v2\/product"}],"about":[{"href":"https:\/\/comexbrindes.com.br\/site\/wp-json\/wp\/v2\/types\/product"}],"version-history":[{"count":5,"href":"https:\/\/comexbrindes.com.br\/site\/wp-json\/wp\/v2\/product\/3788\/revisions"}],"predecessor-version":[{"id":6866,"href":"https:\/\/comexbrindes.com.br\/site\/wp-json\/wp\/v2\/product\/3788\/revisions\/6866"}],"wp:featuredmedia":[{"embeddable":true,"href":"https:\/\/comexbrindes.com.br\/site\/wp-json\/wp\/v2\/media\/7644"}],"wp:attachment":[{"href":"https:\/\/comexbrindes.com.br\/site\/wp-json\/wp\/v2\/media?parent=3788"}],"wp:term":[{"taxonomy":"product_cat","embeddable":true,"href":"https:\/\/comexbrindes.com.br\/site\/wp-json\/wp\/v2\/product_cat?post=3788"},{"taxonomy":"product_tag","embeddable":true,"href":"https:\/\/comexbrindes.com.br\/site\/wp-json\/wp\/v2\/product_tag?post=3788"}],"curies":[{"name":"wp","href":"https:\/\/api.w.org\/{rel}","templated":true}]}}