{"id":3775,"date":"2024-04-25T14:02:12","date_gmt":"2024-04-25T14:02:12","guid":{"rendered":"https:\/\/comexbrindes.com.br\/site\/?post_type=product&#038;p=3775"},"modified":"2025-10-09T21:00:02","modified_gmt":"2025-10-09T21:00:02","slug":"guarda-chuva-polester-varetas-em-fibra-de-vidro-e-abertura-automatica-sp-34099","status":"publish","type":"product","link":"https:\/\/comexbrindes.com.br\/site\/produto\/guarda-chuva-polester-varetas-em-fibra-de-vidro-e-abertura-automatica-sp-34099\/","title":{"rendered":"17 GUARDA-CHUVA, POL\u00c9STER, VARETAS EM FIBRA DE VIDRO &#8211; SP.34099"},"content":{"rendered":"<ul>\n<li>Guarda-chuva em 190T pongee.<\/li>\n<li>Abertura autom\u00e1tica.<\/li>\n<li>Varetas em fibra de vidro e pega e haste em madeira.<\/li>\n<li><strong>Tamanho:<\/strong> \u00f8104cm x 88,5cm<\/li>\n<li><strong>Cores:<\/strong> preto, azul, vermelho, branco, amarelo, marrom claro, cinza, azul claro, verde escuro.<\/li>\n<li><strong>Grava\u00e7\u00e3o:<\/strong> Tampografia nos 2 gomos em uma cor.<\/li>\n<\/ul>\n","protected":false},"excerpt":{"rendered":"<p>Guarda-chuva em 190T pongee. Abertura autom\u00e1tica. Varetas em fibra de vidro e pega e haste em madeira. Tamanho: \u00f8104cm x 88,5cm Cores: preto, azul, vermelho, branco, amarelo, marrom claro, cinza, azul claro, verde escuro. Grava\u00e7\u00e3o: Tampografia nos 2 gomos em uma cor.<\/p>\n","protected":false},"featured_media":7141,"template":"","meta":[],"product_cat":[78],"product_tag":[],"class_list":{"0":"post-3775","1":"product","2":"type-product","3":"status-publish","4":"has-post-thumbnail","6":"product_cat-sol-e-chuva","8":"first","9":"instock","10":"shipping-taxable","11":"product-type-variable"},"_links":{"self":[{"href":"https:\/\/comexbrindes.com.br\/site\/wp-json\/wp\/v2\/product\/3775","targetHints":{"allow":["GET"]}}],"collection":[{"href":"https:\/\/comexbrindes.com.br\/site\/wp-json\/wp\/v2\/product"}],"about":[{"href":"https:\/\/comexbrindes.com.br\/site\/wp-json\/wp\/v2\/types\/product"}],"version-history":[{"count":5,"href":"https:\/\/comexbrindes.com.br\/site\/wp-json\/wp\/v2\/product\/3775\/revisions"}],"predecessor-version":[{"id":7721,"href":"https:\/\/comexbrindes.com.br\/site\/wp-json\/wp\/v2\/product\/3775\/revisions\/7721"}],"wp:featuredmedia":[{"embeddable":true,"href":"https:\/\/comexbrindes.com.br\/site\/wp-json\/wp\/v2\/media\/7141"}],"wp:attachment":[{"href":"https:\/\/comexbrindes.com.br\/site\/wp-json\/wp\/v2\/media?parent=3775"}],"wp:term":[{"taxonomy":"product_cat","embeddable":true,"href":"https:\/\/comexbrindes.com.br\/site\/wp-json\/wp\/v2\/product_cat?post=3775"},{"taxonomy":"product_tag","embeddable":true,"href":"https:\/\/comexbrindes.com.br\/site\/wp-json\/wp\/v2\/product_tag?post=3775"}],"curies":[{"name":"wp","href":"https:\/\/api.w.org\/{rel}","templated":true}]}}