{"id":3760,"date":"2024-04-25T13:48:48","date_gmt":"2024-04-25T13:48:48","guid":{"rendered":"https:\/\/comexbrindes.com.br\/site\/?post_type=product&#038;p=3760"},"modified":"2025-10-09T20:06:27","modified_gmt":"2025-10-09T20:06:27","slug":"guarda-chuva-em-pongee-190t-abertura-automatica-sp-24199","status":"publish","type":"product","link":"https:\/\/comexbrindes.com.br\/site\/produto\/guarda-chuva-em-pongee-190t-abertura-automatica-sp-24199\/","title":{"rendered":"03 GUARDA-CHUVA EM PONGEE, ABERTURA AUTOM\u00c1TICA &#8211; SP.24199"},"content":{"rendered":"<ul>\n<li>Guarda-chuva em 190T pongee com abertura autom\u00e1tica.<\/li>\n<li>Varetas e haste em fibra de vidro.<\/li>\n<li>Pega em EVA.<\/li>\n<li><strong>Tamanho:<\/strong> \u00f8104 x 83 cm<\/li>\n<li><strong>Cores: <\/strong>preto, azul, vermelho e branco.<\/li>\n<li><strong>Grava\u00e7\u00e3o:<\/strong> Tampografia nos 2 gomos em uma cor.<\/li>\n<\/ul>\n","protected":false},"excerpt":{"rendered":"<p>Guarda-chuva em 190T pongee com abertura autom\u00e1tica. Varetas e haste em fibra de vidro. Pega em EVA. Tamanho: \u00f8104 x 83 cm Cores: preto, azul, vermelho e branco. Grava\u00e7\u00e3o: Tampografia nos 2 gomos em uma cor.<\/p>\n","protected":false},"featured_media":7706,"template":"","meta":[],"product_cat":[78],"product_tag":[],"class_list":{"0":"post-3760","1":"product","2":"type-product","3":"status-publish","4":"has-post-thumbnail","6":"product_cat-sol-e-chuva","8":"first","9":"instock","10":"shipping-taxable","11":"product-type-variable"},"_links":{"self":[{"href":"https:\/\/comexbrindes.com.br\/site\/wp-json\/wp\/v2\/product\/3760","targetHints":{"allow":["GET"]}}],"collection":[{"href":"https:\/\/comexbrindes.com.br\/site\/wp-json\/wp\/v2\/product"}],"about":[{"href":"https:\/\/comexbrindes.com.br\/site\/wp-json\/wp\/v2\/types\/product"}],"version-history":[{"count":4,"href":"https:\/\/comexbrindes.com.br\/site\/wp-json\/wp\/v2\/product\/3760\/revisions"}],"predecessor-version":[{"id":7708,"href":"https:\/\/comexbrindes.com.br\/site\/wp-json\/wp\/v2\/product\/3760\/revisions\/7708"}],"wp:featuredmedia":[{"embeddable":true,"href":"https:\/\/comexbrindes.com.br\/site\/wp-json\/wp\/v2\/media\/7706"}],"wp:attachment":[{"href":"https:\/\/comexbrindes.com.br\/site\/wp-json\/wp\/v2\/media?parent=3760"}],"wp:term":[{"taxonomy":"product_cat","embeddable":true,"href":"https:\/\/comexbrindes.com.br\/site\/wp-json\/wp\/v2\/product_cat?post=3760"},{"taxonomy":"product_tag","embeddable":true,"href":"https:\/\/comexbrindes.com.br\/site\/wp-json\/wp\/v2\/product_tag?post=3760"}],"curies":[{"name":"wp","href":"https:\/\/api.w.org\/{rel}","templated":true}]}}