{"id":3746,"date":"2024-04-25T13:05:46","date_gmt":"2024-04-25T13:05:46","guid":{"rendered":"https:\/\/comexbrindes.com.br\/site\/?post_type=product&#038;p=3746"},"modified":"2025-10-09T20:08:20","modified_gmt":"2025-10-09T20:08:20","slug":"guarda-chuva-em-pongee-190t-premium-varetas-em-fibra-de-vidro-sp-55199","status":"publish","type":"product","link":"https:\/\/comexbrindes.com.br\/site\/produto\/guarda-chuva-em-pongee-190t-premium-varetas-em-fibra-de-vidro-sp-55199\/","title":{"rendered":"02 GUARDA-CHUVA, PREMIUM, VARETAS EM FIBRA DE VIDRO &#8211; SP.55199"},"content":{"rendered":"<ul>\n<li>Guarda-chuva em 190T pongee, varetas em fibra de vidro, cabo em alum\u00ednio e haste revestida em borracha.<\/li>\n<li>Guarda-chuva \u00e0 prova de vento com abertura autom\u00e1tica.<\/li>\n<li>Fornecido em bolsa com al\u00e7a curta para facilitar transporte.<\/li>\n<li><strong>Tamanhos: <\/strong><em>Guarda-chuva:<\/em> \u00f8102,5\u00a0 x 85,5 cm | <em>Bolsa:<\/em> 9 x 63,5 cm.<\/li>\n<li><strong>Cores: <\/strong>preto e azul.<\/li>\n<li><strong>Grava\u00e7\u00e3o:<\/strong> Tampografia nos 2 gomos em uma cor.<\/li>\n<\/ul>\n","protected":false},"excerpt":{"rendered":"<p>Guarda-chuva em 190T pongee, varetas em fibra de vidro, cabo em alum\u00ednio e haste revestida em borracha. Guarda-chuva \u00e0 prova de vento com abertura autom\u00e1tica. Fornecido em bolsa com al\u00e7a curta para facilitar transporte. Tamanhos: Guarda-chuva: \u00f8102,5\u00a0 x 85,5 cm | Bolsa: 9 x 63,5 cm. Cores: preto e azul. Grava\u00e7\u00e3o: Tampografia nos 2 gomos [&hellip;]<\/p>\n","protected":false},"featured_media":6785,"template":"","meta":[],"product_cat":[78],"product_tag":[],"class_list":{"0":"post-3746","1":"product","2":"type-product","3":"status-publish","4":"has-post-thumbnail","6":"product_cat-sol-e-chuva","8":"first","9":"instock","10":"shipping-taxable","11":"product-type-variable"},"_links":{"self":[{"href":"https:\/\/comexbrindes.com.br\/site\/wp-json\/wp\/v2\/product\/3746","targetHints":{"allow":["GET"]}}],"collection":[{"href":"https:\/\/comexbrindes.com.br\/site\/wp-json\/wp\/v2\/product"}],"about":[{"href":"https:\/\/comexbrindes.com.br\/site\/wp-json\/wp\/v2\/types\/product"}],"version-history":[{"count":5,"href":"https:\/\/comexbrindes.com.br\/site\/wp-json\/wp\/v2\/product\/3746\/revisions"}],"predecessor-version":[{"id":7709,"href":"https:\/\/comexbrindes.com.br\/site\/wp-json\/wp\/v2\/product\/3746\/revisions\/7709"}],"wp:featuredmedia":[{"embeddable":true,"href":"https:\/\/comexbrindes.com.br\/site\/wp-json\/wp\/v2\/media\/6785"}],"wp:attachment":[{"href":"https:\/\/comexbrindes.com.br\/site\/wp-json\/wp\/v2\/media?parent=3746"}],"wp:term":[{"taxonomy":"product_cat","embeddable":true,"href":"https:\/\/comexbrindes.com.br\/site\/wp-json\/wp\/v2\/product_cat?post=3746"},{"taxonomy":"product_tag","embeddable":true,"href":"https:\/\/comexbrindes.com.br\/site\/wp-json\/wp\/v2\/product_tag?post=3746"}],"curies":[{"name":"wp","href":"https:\/\/api.w.org\/{rel}","templated":true}]}}