{"id":3742,"date":"2024-04-25T12:59:00","date_gmt":"2024-04-25T12:59:00","guid":{"rendered":"https:\/\/comexbrindes.com.br\/site\/?post_type=product&#038;p=3742"},"modified":"2026-04-09T20:14:40","modified_gmt":"2026-04-09T20:14:40","slug":"guarda-chuva-em-pongee-190t-varetas-coloridas-sp-54199","status":"publish","type":"product","link":"https:\/\/comexbrindes.com.br\/site\/produto\/guarda-chuva-em-pongee-190t-varetas-coloridas-sp-54199\/","title":{"rendered":"GUARDA-CHUVA EM PONGEE, VARETAS COLORIDAS &#8211; SP.54199"},"content":{"rendered":"<ul>\n<li>Guarda-chuva em pongee 190T.<\/li>\n<li>Varetas em fibra de vidro coloridas e pega revestida a borracha.<\/li>\n<li>Abertura autom\u00e1tica.<\/li>\n<li><strong>Tamanho:<\/strong> \u00f8104 x 87 cm<\/li>\n<li><strong>Cores da vareta:<\/strong> preto, vermelho, azul royal e verde claro.<\/li>\n<li><strong>Grava\u00e7\u00e3o:<\/strong> Tampografia nos 2 gomos em uma cor.<\/li>\n<\/ul>\n","protected":false},"excerpt":{"rendered":"<p>Guarda-chuva em pongee 190T. Varetas em fibra de vidro coloridas e pega revestida a borracha. Abertura autom\u00e1tica. Tamanho: \u00f8104 x 87 cm Cores da vareta: preto, vermelho, azul royal e verde claro. Grava\u00e7\u00e3o: Tampografia nos 2 gomos em uma cor.<\/p>\n","protected":false},"featured_media":6813,"template":"","meta":[],"product_cat":[78],"product_tag":[],"class_list":{"0":"post-3742","1":"product","2":"type-product","3":"status-publish","4":"has-post-thumbnail","6":"product_cat-sol-e-chuva","8":"first","9":"instock","10":"shipping-taxable","11":"product-type-variable"},"_links":{"self":[{"href":"https:\/\/comexbrindes.com.br\/site\/wp-json\/wp\/v2\/product\/3742","targetHints":{"allow":["GET"]}}],"collection":[{"href":"https:\/\/comexbrindes.com.br\/site\/wp-json\/wp\/v2\/product"}],"about":[{"href":"https:\/\/comexbrindes.com.br\/site\/wp-json\/wp\/v2\/types\/product"}],"version-history":[{"count":6,"href":"https:\/\/comexbrindes.com.br\/site\/wp-json\/wp\/v2\/product\/3742\/revisions"}],"predecessor-version":[{"id":8633,"href":"https:\/\/comexbrindes.com.br\/site\/wp-json\/wp\/v2\/product\/3742\/revisions\/8633"}],"wp:featuredmedia":[{"embeddable":true,"href":"https:\/\/comexbrindes.com.br\/site\/wp-json\/wp\/v2\/media\/6813"}],"wp:attachment":[{"href":"https:\/\/comexbrindes.com.br\/site\/wp-json\/wp\/v2\/media?parent=3742"}],"wp:term":[{"taxonomy":"product_cat","embeddable":true,"href":"https:\/\/comexbrindes.com.br\/site\/wp-json\/wp\/v2\/product_cat?post=3742"},{"taxonomy":"product_tag","embeddable":true,"href":"https:\/\/comexbrindes.com.br\/site\/wp-json\/wp\/v2\/product_tag?post=3742"}],"curies":[{"name":"wp","href":"https:\/\/api.w.org\/{rel}","templated":true}]}}