{"id":3695,"date":"2024-04-25T11:41:40","date_gmt":"2024-04-25T11:41:40","guid":{"rendered":"https:\/\/comexbrindes.com.br\/site\/?post_type=product&#038;p=3695"},"modified":"2026-01-27T20:54:06","modified_gmt":"2026-01-27T20:54:06","slug":"squeeze-sport-bottle-600ml-cores-gravacao-a-laser-zbx-78421","status":"publish","type":"product","link":"https:\/\/comexbrindes.com.br\/site\/produto\/squeeze-sport-bottle-600ml-cores-gravacao-a-laser-zbx-78421\/","title":{"rendered":"24 SQUEEZE SPORT BOTTLE, 600ML, CORES &#8211; BX.78421"},"content":{"rendered":"<ul>\n<li>Squeeze alum\u00ednio.<\/li>\n<li>600ML.<\/li>\n<li>Tampa rosque\u00e1vel, bico com tampa de prote\u00e7\u00e3o e al\u00e7a para transporte.<\/li>\n<li><strong>Tamanho:<\/strong> 21,1 x 8,8 cm<\/li>\n<li><strong>Cores:<\/strong> preto, vermelho, branco, azul, verde, prata, laranja e rosa.<\/li>\n<li><strong>Grava\u00e7\u00e3o:<\/strong> laser em um lado.<\/li>\n<li>Embalagem branca individual.<\/li>\n<\/ul>\n","protected":false},"excerpt":{"rendered":"<p>Squeeze alum\u00ednio. 600ML. Tampa rosque\u00e1vel, bico com tampa de prote\u00e7\u00e3o e al\u00e7a para transporte. Tamanho: 21,1 x 8,8 cm Cores: preto, vermelho, branco, azul, verde, prata, laranja e rosa. Grava\u00e7\u00e3o: laser em um lado. Embalagem branca individual.<\/p>\n","protected":false},"featured_media":7993,"template":"","meta":[],"product_cat":[77],"product_tag":[],"class_list":{"0":"post-3695","1":"product","2":"type-product","3":"status-publish","4":"has-post-thumbnail","6":"product_cat-squeezes-garrafas","8":"first","9":"instock","10":"shipping-taxable","11":"product-type-variable"},"_links":{"self":[{"href":"https:\/\/comexbrindes.com.br\/site\/wp-json\/wp\/v2\/product\/3695","targetHints":{"allow":["GET"]}}],"collection":[{"href":"https:\/\/comexbrindes.com.br\/site\/wp-json\/wp\/v2\/product"}],"about":[{"href":"https:\/\/comexbrindes.com.br\/site\/wp-json\/wp\/v2\/types\/product"}],"version-history":[{"count":4,"href":"https:\/\/comexbrindes.com.br\/site\/wp-json\/wp\/v2\/product\/3695\/revisions"}],"predecessor-version":[{"id":8347,"href":"https:\/\/comexbrindes.com.br\/site\/wp-json\/wp\/v2\/product\/3695\/revisions\/8347"}],"wp:featuredmedia":[{"embeddable":true,"href":"https:\/\/comexbrindes.com.br\/site\/wp-json\/wp\/v2\/media\/7993"}],"wp:attachment":[{"href":"https:\/\/comexbrindes.com.br\/site\/wp-json\/wp\/v2\/media?parent=3695"}],"wp:term":[{"taxonomy":"product_cat","embeddable":true,"href":"https:\/\/comexbrindes.com.br\/site\/wp-json\/wp\/v2\/product_cat?post=3695"},{"taxonomy":"product_tag","embeddable":true,"href":"https:\/\/comexbrindes.com.br\/site\/wp-json\/wp\/v2\/product_tag?post=3695"}],"curies":[{"name":"wp","href":"https:\/\/api.w.org\/{rel}","templated":true}]}}