{"id":3675,"date":"2024-04-25T11:23:56","date_gmt":"2024-04-25T11:23:56","guid":{"rendered":"https:\/\/comexbrindes.com.br\/site\/?post_type=product&#038;p=3675"},"modified":"2025-10-27T19:45:47","modified_gmt":"2025-10-27T19:45:47","slug":"squeeze-plastico-pvc-680ml-tampa-rosqueavel-zbx-51441","status":"publish","type":"product","link":"https:\/\/comexbrindes.com.br\/site\/produto\/squeeze-plastico-pvc-680ml-tampa-rosqueavel-zbx-51441\/","title":{"rendered":"31 SQUEEZE PL\u00c1STICO PVC, 680ML &#8211; ZBX.51441"},"content":{"rendered":"<ul>\n<li>Squeeze pl\u00e1stico PVC fosco livre de BPA.<\/li>\n<li>680ML.<\/li>\n<li>Tampa rosque\u00e1vel inox e tirante para transporte.<\/li>\n<li><strong>Tamanho:<\/strong> 23 x 7 cm.<\/li>\n<li><strong>Cores:<\/strong> verde escuro, azul, fum\u00ea, laranja, amarelo, pink, verde claro, branco, roxo e vermelho.<\/li>\n<li><strong>Grava\u00e7\u00e3o:<\/strong> tampografia uma cor em um lado.<\/li>\n<\/ul>\n","protected":false},"excerpt":{"rendered":"<p>Squeeze pl\u00e1stico PVC fosco livre de BPA. 680ML. Tampa rosque\u00e1vel inox e tirante para transporte. Tamanho: 23 x 7 cm. Cores: verde escuro, azul, fum\u00ea, laranja, amarelo, pink, verde claro, branco, roxo e vermelho. Grava\u00e7\u00e3o: tampografia uma cor em um lado.<\/p>\n","protected":false},"featured_media":7823,"template":"","meta":[],"product_cat":[77],"product_tag":[],"class_list":{"0":"post-3675","1":"product","2":"type-product","3":"status-publish","4":"has-post-thumbnail","6":"product_cat-squeezes-garrafas","8":"first","9":"instock","10":"shipping-taxable","11":"product-type-variable"},"_links":{"self":[{"href":"https:\/\/comexbrindes.com.br\/site\/wp-json\/wp\/v2\/product\/3675","targetHints":{"allow":["GET"]}}],"collection":[{"href":"https:\/\/comexbrindes.com.br\/site\/wp-json\/wp\/v2\/product"}],"about":[{"href":"https:\/\/comexbrindes.com.br\/site\/wp-json\/wp\/v2\/types\/product"}],"version-history":[{"count":5,"href":"https:\/\/comexbrindes.com.br\/site\/wp-json\/wp\/v2\/product\/3675\/revisions"}],"predecessor-version":[{"id":6855,"href":"https:\/\/comexbrindes.com.br\/site\/wp-json\/wp\/v2\/product\/3675\/revisions\/6855"}],"wp:featuredmedia":[{"embeddable":true,"href":"https:\/\/comexbrindes.com.br\/site\/wp-json\/wp\/v2\/media\/7823"}],"wp:attachment":[{"href":"https:\/\/comexbrindes.com.br\/site\/wp-json\/wp\/v2\/media?parent=3675"}],"wp:term":[{"taxonomy":"product_cat","embeddable":true,"href":"https:\/\/comexbrindes.com.br\/site\/wp-json\/wp\/v2\/product_cat?post=3675"},{"taxonomy":"product_tag","embeddable":true,"href":"https:\/\/comexbrindes.com.br\/site\/wp-json\/wp\/v2\/product_tag?post=3675"}],"curies":[{"name":"wp","href":"https:\/\/api.w.org\/{rel}","templated":true}]}}