{"id":3662,"date":"2024-04-24T20:39:31","date_gmt":"2024-04-24T20:39:31","guid":{"rendered":"https:\/\/comexbrindes.com.br\/site\/?post_type=product&#038;p=3662"},"modified":"2025-10-15T16:20:11","modified_gmt":"2025-10-15T16:20:11","slug":"squeeze-plastico-bicolor-borrifador-650ml-bico-e-tampa-de-protecao-com-borrifador-zbx-99560","status":"publish","type":"product","link":"https:\/\/comexbrindes.com.br\/site\/produto\/squeeze-plastico-bicolor-borrifador-650ml-bico-e-tampa-de-protecao-com-borrifador-zbx-99560\/","title":{"rendered":"29 SQUEEZE PL\u00c1STICO BICOLOR, BORRIFADOR, 650ML &#8211; ZBX.99560"},"content":{"rendered":"<ul>\n<li>Squeeze pl\u00e1stico, bicolor.<\/li>\n<li>650ML.<\/li>\n<li>Tampa rosque\u00e1vel com trava de seguran\u00e7a para o bico.<\/li>\n<li>Borrifador de \u00e1gua.<\/li>\n<li>Al\u00e7a para transporte e alavanca para acionamento do borrifador.<\/li>\n<li><strong>Tamanho:<\/strong> 25,9 x 10,2 cm<\/li>\n<li><strong>Cores:<\/strong> cinza, rosa, verde e azul.<\/li>\n<li><strong>Grava\u00e7\u00e3o:<\/strong> tampografia uma cor, um lado.<\/li>\n<\/ul>\n","protected":false},"excerpt":{"rendered":"<p>Squeeze pl\u00e1stico, bicolor. 650ML. Tampa rosque\u00e1vel com trava de seguran\u00e7a para o bico. Borrifador de \u00e1gua. Al\u00e7a para transporte e alavanca para acionamento do borrifador. Tamanho: 25,9 x 10,2 cm Cores: cinza, rosa, verde e azul. Grava\u00e7\u00e3o: tampografia uma cor, um lado.<\/p>\n","protected":false},"featured_media":7766,"template":"","meta":[],"product_cat":[77],"product_tag":[],"class_list":{"0":"post-3662","1":"product","2":"type-product","3":"status-publish","4":"has-post-thumbnail","6":"product_cat-squeezes-garrafas","8":"first","9":"instock","10":"shipping-taxable","11":"product-type-variable"},"_links":{"self":[{"href":"https:\/\/comexbrindes.com.br\/site\/wp-json\/wp\/v2\/product\/3662","targetHints":{"allow":["GET"]}}],"collection":[{"href":"https:\/\/comexbrindes.com.br\/site\/wp-json\/wp\/v2\/product"}],"about":[{"href":"https:\/\/comexbrindes.com.br\/site\/wp-json\/wp\/v2\/types\/product"}],"version-history":[{"count":7,"href":"https:\/\/comexbrindes.com.br\/site\/wp-json\/wp\/v2\/product\/3662\/revisions"}],"predecessor-version":[{"id":6820,"href":"https:\/\/comexbrindes.com.br\/site\/wp-json\/wp\/v2\/product\/3662\/revisions\/6820"}],"wp:featuredmedia":[{"embeddable":true,"href":"https:\/\/comexbrindes.com.br\/site\/wp-json\/wp\/v2\/media\/7766"}],"wp:attachment":[{"href":"https:\/\/comexbrindes.com.br\/site\/wp-json\/wp\/v2\/media?parent=3662"}],"wp:term":[{"taxonomy":"product_cat","embeddable":true,"href":"https:\/\/comexbrindes.com.br\/site\/wp-json\/wp\/v2\/product_cat?post=3662"},{"taxonomy":"product_tag","embeddable":true,"href":"https:\/\/comexbrindes.com.br\/site\/wp-json\/wp\/v2\/product_tag?post=3662"}],"curies":[{"name":"wp","href":"https:\/\/api.w.org\/{rel}","templated":true}]}}