{"id":3657,"date":"2024-04-24T20:35:29","date_gmt":"2024-04-24T20:35:29","guid":{"rendered":"https:\/\/comexbrindes.com.br\/site\/?post_type=product&#038;p=3657"},"modified":"2026-01-27T20:52:14","modified_gmt":"2026-01-27T20:52:14","slug":"squeeze-inox-750ml-alca-para-transporte-tampa-rosqueavel-zbx-05581","status":"publish","type":"product","link":"https:\/\/comexbrindes.com.br\/site\/produto\/squeeze-inox-750ml-alca-para-transporte-tampa-rosqueavel-zbx-05581\/","title":{"rendered":"23 SQUEEZE INOX, 750ML &#8211; BX.05581"},"content":{"rendered":"<ul>\n<li>Squeeze inox<\/li>\n<li>750ML<\/li>\n<li>Al\u00e7a para transporte<\/li>\n<li>Tampa rosque\u00e1vel com detalhe frisado e emborrachado<\/li>\n<li>Bico com tampa de prote\u00e7\u00e3o rosque\u00e1vel<\/li>\n<li><strong>Tamanho:<\/strong> 20,7 x 8,5 cm<\/li>\n<li><strong>Cores:<\/strong> azul, preto, vermelho e prata<\/li>\n<li><strong>Grava\u00e7\u00e3o:<\/strong> laser em um lado<\/li>\n<\/ul>\n","protected":false},"excerpt":{"rendered":"<p>Squeeze inox 750ML Al\u00e7a para transporte Tampa rosque\u00e1vel com detalhe frisado e emborrachado Bico com tampa de prote\u00e7\u00e3o rosque\u00e1vel Tamanho: 20,7 x 8,5 cm Cores: azul, preto, vermelho e prata Grava\u00e7\u00e3o: laser em um lado<\/p>\n","protected":false},"featured_media":7982,"template":"","meta":[],"product_cat":[77],"product_tag":[],"class_list":{"0":"post-3657","1":"product","2":"type-product","3":"status-publish","4":"has-post-thumbnail","6":"product_cat-squeezes-garrafas","8":"first","9":"instock","10":"shipping-taxable","11":"product-type-variable"},"_links":{"self":[{"href":"https:\/\/comexbrindes.com.br\/site\/wp-json\/wp\/v2\/product\/3657","targetHints":{"allow":["GET"]}}],"collection":[{"href":"https:\/\/comexbrindes.com.br\/site\/wp-json\/wp\/v2\/product"}],"about":[{"href":"https:\/\/comexbrindes.com.br\/site\/wp-json\/wp\/v2\/types\/product"}],"version-history":[{"count":6,"href":"https:\/\/comexbrindes.com.br\/site\/wp-json\/wp\/v2\/product\/3657\/revisions"}],"predecessor-version":[{"id":8346,"href":"https:\/\/comexbrindes.com.br\/site\/wp-json\/wp\/v2\/product\/3657\/revisions\/8346"}],"wp:featuredmedia":[{"embeddable":true,"href":"https:\/\/comexbrindes.com.br\/site\/wp-json\/wp\/v2\/media\/7982"}],"wp:attachment":[{"href":"https:\/\/comexbrindes.com.br\/site\/wp-json\/wp\/v2\/media?parent=3657"}],"wp:term":[{"taxonomy":"product_cat","embeddable":true,"href":"https:\/\/comexbrindes.com.br\/site\/wp-json\/wp\/v2\/product_cat?post=3657"},{"taxonomy":"product_tag","embeddable":true,"href":"https:\/\/comexbrindes.com.br\/site\/wp-json\/wp\/v2\/product_tag?post=3657"}],"curies":[{"name":"wp","href":"https:\/\/api.w.org\/{rel}","templated":true}]}}