{"id":3651,"date":"2024-04-24T20:32:43","date_gmt":"2024-04-24T20:32:43","guid":{"rendered":"https:\/\/comexbrindes.com.br\/site\/?post_type=product&#038;p=3651"},"modified":"2025-06-02T19:58:19","modified_gmt":"2025-06-02T19:58:19","slug":"squeeze-inox-base-em-cortica-550ml-tampa-frisada-rosqueavel-sp-04249","status":"publish","type":"product","link":"https:\/\/comexbrindes.com.br\/site\/produto\/squeeze-inox-base-em-cortica-550ml-tampa-frisada-rosqueavel-sp-04249\/","title":{"rendered":"20 SQUEEZE INOX BASE EM CORTI\u00c7A, 550ML, TAMPA &#8211; SP.04249"},"content":{"rendered":"<ul>\n<li>Squeeze inox.<\/li>\n<li>550ML.<\/li>\n<li>Base em corti\u00e7a.<\/li>\n<li>Tampa frisada rosque\u00e1vel.<\/li>\n<li><strong>T\u00e9rmico:<\/strong> bebidas quentes por at\u00e9 8h e a frias at\u00e9 24h.<\/li>\n<li>Certifica\u00e7\u00e3o EU Food Grade.<\/li>\n<li><strong>Tamanho:<\/strong> 25,8 x 6,6 cm.<\/li>\n<li><strong>Grava\u00e7\u00e3o:<\/strong> laser em um lado.<\/li>\n<li>Embalagem presente individual.<\/li>\n<\/ul>\n","protected":false},"excerpt":{"rendered":"<p>Squeeze inox. 550ML. Base em corti\u00e7a. Tampa frisada rosque\u00e1vel. T\u00e9rmico: bebidas quentes por at\u00e9 8h e a frias at\u00e9 24h. Certifica\u00e7\u00e3o EU Food Grade. Tamanho: 25,8 x 6,6 cm. Grava\u00e7\u00e3o: laser em um lado. Embalagem presente individual.<\/p>\n","protected":false},"featured_media":7176,"template":"","meta":[],"product_cat":[77],"product_tag":[],"class_list":{"0":"post-3651","1":"product","2":"type-product","3":"status-publish","4":"has-post-thumbnail","6":"product_cat-squeezes-garrafas","8":"first","9":"instock","10":"shipping-taxable","11":"product-type-variable"},"_links":{"self":[{"href":"https:\/\/comexbrindes.com.br\/site\/wp-json\/wp\/v2\/product\/3651","targetHints":{"allow":["GET"]}}],"collection":[{"href":"https:\/\/comexbrindes.com.br\/site\/wp-json\/wp\/v2\/product"}],"about":[{"href":"https:\/\/comexbrindes.com.br\/site\/wp-json\/wp\/v2\/types\/product"}],"version-history":[{"count":4,"href":"https:\/\/comexbrindes.com.br\/site\/wp-json\/wp\/v2\/product\/3651\/revisions"}],"predecessor-version":[{"id":6832,"href":"https:\/\/comexbrindes.com.br\/site\/wp-json\/wp\/v2\/product\/3651\/revisions\/6832"}],"wp:featuredmedia":[{"embeddable":true,"href":"https:\/\/comexbrindes.com.br\/site\/wp-json\/wp\/v2\/media\/7176"}],"wp:attachment":[{"href":"https:\/\/comexbrindes.com.br\/site\/wp-json\/wp\/v2\/media?parent=3651"}],"wp:term":[{"taxonomy":"product_cat","embeddable":true,"href":"https:\/\/comexbrindes.com.br\/site\/wp-json\/wp\/v2\/product_cat?post=3651"},{"taxonomy":"product_tag","embeddable":true,"href":"https:\/\/comexbrindes.com.br\/site\/wp-json\/wp\/v2\/product_tag?post=3651"}],"curies":[{"name":"wp","href":"https:\/\/api.w.org\/{rel}","templated":true}]}}