{"id":3645,"date":"2024-04-24T20:29:04","date_gmt":"2024-04-24T20:29:04","guid":{"rendered":"https:\/\/comexbrindes.com.br\/site\/?post_type=product&#038;p=3645"},"modified":"2025-10-22T12:19:32","modified_gmt":"2025-10-22T12:19:32","slug":"squeeze-aluminio-acabamento-mate-800ml-mosquetao-sp-33649","status":"publish","type":"product","link":"https:\/\/comexbrindes.com.br\/site\/produto\/squeeze-aluminio-acabamento-mate-800ml-mosquetao-sp-33649\/","title":{"rendered":"18 SQUEEZE ALUM\u00cdNIO ACABAMENTO MATE, 800ML &#8211; SP.33649"},"content":{"rendered":"<ul>\n<li>Squeeze alum\u00ednio.<\/li>\n<li>800ML.<\/li>\n<li>Tampa em PP com mosquet\u00e3o.<\/li>\n<li>Acabamento mate.<\/li>\n<li><strong>Tamanho:<\/strong> 25,9 x 7,3 cm.<\/li>\n<li><strong>Cores:<\/strong> verde, azul, branco, preto e vermelho.<\/li>\n<li><strong>Grava\u00e7\u00e3o:<\/strong>\u00a0laser em um lado.<\/li>\n<\/ul>\n","protected":false},"excerpt":{"rendered":"<p>Squeeze alum\u00ednio. 800ML. Tampa em PP com mosquet\u00e3o. Acabamento mate. Tamanho: 25,9 x 7,3 cm. Cores: verde, azul, branco, preto e vermelho. Grava\u00e7\u00e3o:\u00a0laser em um lado.<\/p>\n","protected":false},"featured_media":7795,"template":"","meta":[],"product_cat":[77],"product_tag":[],"class_list":{"0":"post-3645","1":"product","2":"type-product","3":"status-publish","4":"has-post-thumbnail","6":"product_cat-squeezes-garrafas","8":"first","9":"instock","10":"shipping-taxable","11":"product-type-variable"},"_links":{"self":[{"href":"https:\/\/comexbrindes.com.br\/site\/wp-json\/wp\/v2\/product\/3645","targetHints":{"allow":["GET"]}}],"collection":[{"href":"https:\/\/comexbrindes.com.br\/site\/wp-json\/wp\/v2\/product"}],"about":[{"href":"https:\/\/comexbrindes.com.br\/site\/wp-json\/wp\/v2\/types\/product"}],"version-history":[{"count":5,"href":"https:\/\/comexbrindes.com.br\/site\/wp-json\/wp\/v2\/product\/3645\/revisions"}],"predecessor-version":[{"id":6831,"href":"https:\/\/comexbrindes.com.br\/site\/wp-json\/wp\/v2\/product\/3645\/revisions\/6831"}],"wp:featuredmedia":[{"embeddable":true,"href":"https:\/\/comexbrindes.com.br\/site\/wp-json\/wp\/v2\/media\/7795"}],"wp:attachment":[{"href":"https:\/\/comexbrindes.com.br\/site\/wp-json\/wp\/v2\/media?parent=3645"}],"wp:term":[{"taxonomy":"product_cat","embeddable":true,"href":"https:\/\/comexbrindes.com.br\/site\/wp-json\/wp\/v2\/product_cat?post=3645"},{"taxonomy":"product_tag","embeddable":true,"href":"https:\/\/comexbrindes.com.br\/site\/wp-json\/wp\/v2\/product_tag?post=3645"}],"curies":[{"name":"wp","href":"https:\/\/api.w.org\/{rel}","templated":true}]}}