{"id":3618,"date":"2024-04-24T20:10:37","date_gmt":"2024-04-24T20:10:37","guid":{"rendered":"https:\/\/comexbrindes.com.br\/site\/?post_type=product&#038;p=3618"},"modified":"2026-01-27T20:47:56","modified_gmt":"2026-01-27T20:47:56","slug":"squeeze-inox-tampa-rosqueavel-e-mosquetao-700ml-zbx-74581","status":"publish","type":"product","link":"https:\/\/comexbrindes.com.br\/site\/produto\/squeeze-inox-tampa-rosqueavel-e-mosquetao-700ml-zbx-74581\/","title":{"rendered":"13 SQUEEZE INOX, MOSQUET\u00c3O, 700ML &#8211; BX.74581"},"content":{"rendered":"<ul>\n<li>Squeeze inox<\/li>\n<li>700ML<\/li>\n<li>Tampa rosque\u00e1vel e chaveiro mosquet\u00e3o<\/li>\n<li>Pintura eletroest\u00e1tica brilhante<\/li>\n<li>Detalhes prata<\/li>\n<li><strong>Tamanho:<\/strong> 21,0 x 7,5 cm<\/li>\n<li><strong>Cores:<\/strong> vermelho, azul, prata e preto<\/li>\n<li><strong>Grava\u00e7\u00e3o:<\/strong> laser em um lado<\/li>\n<\/ul>\n","protected":false},"excerpt":{"rendered":"<p>Squeeze inox 700ML Tampa rosque\u00e1vel e chaveiro mosquet\u00e3o Pintura eletroest\u00e1tica brilhante Detalhes prata Tamanho: 21,0 x 7,5 cm Cores: vermelho, azul, prata e preto Grava\u00e7\u00e3o: laser em um lado<\/p>\n","protected":false},"featured_media":7198,"template":"","meta":[],"product_cat":[77],"product_tag":[],"class_list":{"0":"post-3618","1":"product","2":"type-product","3":"status-publish","4":"has-post-thumbnail","6":"product_cat-squeezes-garrafas","8":"first","9":"instock","10":"shipping-taxable","11":"product-type-variable"},"_links":{"self":[{"href":"https:\/\/comexbrindes.com.br\/site\/wp-json\/wp\/v2\/product\/3618","targetHints":{"allow":["GET"]}}],"collection":[{"href":"https:\/\/comexbrindes.com.br\/site\/wp-json\/wp\/v2\/product"}],"about":[{"href":"https:\/\/comexbrindes.com.br\/site\/wp-json\/wp\/v2\/types\/product"}],"version-history":[{"count":8,"href":"https:\/\/comexbrindes.com.br\/site\/wp-json\/wp\/v2\/product\/3618\/revisions"}],"predecessor-version":[{"id":8344,"href":"https:\/\/comexbrindes.com.br\/site\/wp-json\/wp\/v2\/product\/3618\/revisions\/8344"}],"wp:featuredmedia":[{"embeddable":true,"href":"https:\/\/comexbrindes.com.br\/site\/wp-json\/wp\/v2\/media\/7198"}],"wp:attachment":[{"href":"https:\/\/comexbrindes.com.br\/site\/wp-json\/wp\/v2\/media?parent=3618"}],"wp:term":[{"taxonomy":"product_cat","embeddable":true,"href":"https:\/\/comexbrindes.com.br\/site\/wp-json\/wp\/v2\/product_cat?post=3618"},{"taxonomy":"product_tag","embeddable":true,"href":"https:\/\/comexbrindes.com.br\/site\/wp-json\/wp\/v2\/product_tag?post=3618"}],"curies":[{"name":"wp","href":"https:\/\/api.w.org\/{rel}","templated":true}]}}