{"id":3608,"date":"2024-04-24T20:01:48","date_gmt":"2024-04-24T20:01:48","guid":{"rendered":"https:\/\/comexbrindes.com.br\/site\/?post_type=product&#038;p=3608"},"modified":"2025-10-15T15:20:04","modified_gmt":"2025-10-15T15:20:04","slug":"garrafa-inox-brilhante-750ml-tampa-metal-rosqueavel-as-0064-ag","status":"publish","type":"product","link":"https:\/\/comexbrindes.com.br\/site\/produto\/garrafa-inox-brilhante-750ml-tampa-metal-rosqueavel-as-0064-ag\/","title":{"rendered":"19 GARRAFA INOX BRILHANTE, 750ML &#8211; AS.0064.AG"},"content":{"rendered":"<ul>\n<li>Garrafa inox brilhante.<\/li>\n<li>750ML.<\/li>\n<li>Tampa frisada rosque\u00e1vel com anel de silicone.<\/li>\n<li><strong>Tamanho:<\/strong> 27,0 x 7,4 cm.<\/li>\n<li><strong>Pintura brilhate:<\/strong> branco, rosa, prata, preto, verde, azul e vermelho.<\/li>\n<li><strong>Grava\u00e7\u00e3o:<\/strong> laser em um lado.<\/li>\n<li>N\u00e3o \u00e9 t\u00e9rmica.<\/li>\n<\/ul>\n","protected":false},"excerpt":{"rendered":"<p>Garrafa inox brilhante. 750ML. Tampa frisada rosque\u00e1vel com anel de silicone. Tamanho: 27,0 x 7,4 cm. Pintura brilhate: branco, rosa, prata, preto, verde, azul e vermelho. Grava\u00e7\u00e3o: laser em um lado. N\u00e3o \u00e9 t\u00e9rmica.<\/p>\n","protected":false},"featured_media":7757,"template":"","meta":[],"product_cat":[77],"product_tag":[],"class_list":{"0":"post-3608","1":"product","2":"type-product","3":"status-publish","4":"has-post-thumbnail","6":"product_cat-squeezes-garrafas","8":"first","9":"instock","10":"shipping-taxable","11":"product-type-variable"},"_links":{"self":[{"href":"https:\/\/comexbrindes.com.br\/site\/wp-json\/wp\/v2\/product\/3608","targetHints":{"allow":["GET"]}}],"collection":[{"href":"https:\/\/comexbrindes.com.br\/site\/wp-json\/wp\/v2\/product"}],"about":[{"href":"https:\/\/comexbrindes.com.br\/site\/wp-json\/wp\/v2\/types\/product"}],"version-history":[{"count":4,"href":"https:\/\/comexbrindes.com.br\/site\/wp-json\/wp\/v2\/product\/3608\/revisions"}],"predecessor-version":[{"id":6830,"href":"https:\/\/comexbrindes.com.br\/site\/wp-json\/wp\/v2\/product\/3608\/revisions\/6830"}],"wp:featuredmedia":[{"embeddable":true,"href":"https:\/\/comexbrindes.com.br\/site\/wp-json\/wp\/v2\/media\/7757"}],"wp:attachment":[{"href":"https:\/\/comexbrindes.com.br\/site\/wp-json\/wp\/v2\/media?parent=3608"}],"wp:term":[{"taxonomy":"product_cat","embeddable":true,"href":"https:\/\/comexbrindes.com.br\/site\/wp-json\/wp\/v2\/product_cat?post=3608"},{"taxonomy":"product_tag","embeddable":true,"href":"https:\/\/comexbrindes.com.br\/site\/wp-json\/wp\/v2\/product_tag?post=3608"}],"curies":[{"name":"wp","href":"https:\/\/api.w.org\/{rel}","templated":true}]}}