{"id":3603,"date":"2024-04-24T19:54:21","date_gmt":"2024-04-24T19:54:21","guid":{"rendered":"https:\/\/comexbrindes.com.br\/site\/?post_type=product&#038;p=3603"},"modified":"2025-01-27T17:48:42","modified_gmt":"2025-01-27T17:48:42","slug":"garrafa-inox-750-ml-textura-imitando-madeira-tampa-rosqueavel-as-m-0064-ag","status":"publish","type":"product","link":"https:\/\/comexbrindes.com.br\/site\/produto\/garrafa-inox-750-ml-textura-imitando-madeira-tampa-rosqueavel-as-m-0064-ag\/","title":{"rendered":"17 GARRAFA INOX, 750 ML, TEXTURA IMITANDO MADEIRA &#8211; AS.M.0064.AG"},"content":{"rendered":"<ul>\n<li>Garrafa inox com textura imitando madeira.<\/li>\n<li>750ML.<\/li>\n<li>Tampa frisada, rosque\u00e1vel e anel de silicone.<\/li>\n<li><strong>Tamanho:<\/strong> 21,6 x 6,6 cm.<\/li>\n<li><strong>Grava\u00e7\u00e3o:<\/strong> laser (um lado) ou tampografia (um lado com uma cor).<\/li>\n<\/ul>\n","protected":false},"excerpt":{"rendered":"<p>Garrafa inox com textura imitando madeira. 750ML. Tampa frisada, rosque\u00e1vel e anel de silicone. Tamanho: 21,6 x 6,6 cm. Grava\u00e7\u00e3o: laser (um lado) ou tampografia (um lado com uma cor).<\/p>\n","protected":false},"featured_media":3606,"template":"","meta":[],"product_cat":[77],"product_tag":[],"class_list":{"0":"post-3603","1":"product","2":"type-product","3":"status-publish","4":"has-post-thumbnail","6":"product_cat-squeezes-garrafas","8":"first","9":"instock","10":"shipping-taxable","11":"product-type-variable"},"_links":{"self":[{"href":"https:\/\/comexbrindes.com.br\/site\/wp-json\/wp\/v2\/product\/3603","targetHints":{"allow":["GET"]}}],"collection":[{"href":"https:\/\/comexbrindes.com.br\/site\/wp-json\/wp\/v2\/product"}],"about":[{"href":"https:\/\/comexbrindes.com.br\/site\/wp-json\/wp\/v2\/types\/product"}],"version-history":[{"count":4,"href":"https:\/\/comexbrindes.com.br\/site\/wp-json\/wp\/v2\/product\/3603\/revisions"}],"predecessor-version":[{"id":6829,"href":"https:\/\/comexbrindes.com.br\/site\/wp-json\/wp\/v2\/product\/3603\/revisions\/6829"}],"wp:featuredmedia":[{"embeddable":true,"href":"https:\/\/comexbrindes.com.br\/site\/wp-json\/wp\/v2\/media\/3606"}],"wp:attachment":[{"href":"https:\/\/comexbrindes.com.br\/site\/wp-json\/wp\/v2\/media?parent=3603"}],"wp:term":[{"taxonomy":"product_cat","embeddable":true,"href":"https:\/\/comexbrindes.com.br\/site\/wp-json\/wp\/v2\/product_cat?post=3603"},{"taxonomy":"product_tag","embeddable":true,"href":"https:\/\/comexbrindes.com.br\/site\/wp-json\/wp\/v2\/product_tag?post=3603"}],"curies":[{"name":"wp","href":"https:\/\/api.w.org\/{rel}","templated":true}]}}