{"id":3591,"date":"2024-04-24T19:49:20","date_gmt":"2024-04-24T19:49:20","guid":{"rendered":"https:\/\/comexbrindes.com.br\/site\/?post_type=product&#038;p=3591"},"modified":"2025-11-05T19:25:42","modified_gmt":"2025-11-05T19:25:42","slug":"garrafa-aluminio-750ml-com-mosquetao-colorido-as-0087-ag","status":"publish","type":"product","link":"https:\/\/comexbrindes.com.br\/site\/produto\/garrafa-aluminio-750ml-com-mosquetao-colorido-as-0087-ag\/","title":{"rendered":"14 GARRAFA ALUM\u00cdNIO, 750ML COM MOSQUET\u00c3O COLORIDO &#8211; AS.0087.AG"},"content":{"rendered":"<ul>\n<li>Garrafa em alum\u00ednio.<\/li>\n<li>750ML.<\/li>\n<li>Tampa pl\u00e1stica rosque\u00e1vel com mosquet\u00e3o colorido.<\/li>\n<li><strong>Tamanho:<\/strong> 25,0 x 7,2 cm.<\/li>\n<li><strong>Cores:<\/strong> verde, azul, branco, preto, prata e vermelho.<\/li>\n<li><strong>Grava\u00e7\u00e3o:<\/strong> laser em um lado.<\/li>\n<\/ul>\n","protected":false},"excerpt":{"rendered":"<p>Garrafa em alum\u00ednio. 750ML. Tampa pl\u00e1stica rosque\u00e1vel com mosquet\u00e3o colorido. Tamanho: 25,0 x 7,2 cm. Cores: verde, azul, branco, preto, prata e vermelho. Grava\u00e7\u00e3o: laser em um lado.<\/p>\n","protected":false},"featured_media":7767,"template":"","meta":[],"product_cat":[77],"product_tag":[],"class_list":{"0":"post-3591","1":"product","2":"type-product","3":"status-publish","4":"has-post-thumbnail","6":"product_cat-squeezes-garrafas","8":"first","9":"instock","10":"shipping-taxable","11":"product-type-variable"},"_links":{"self":[{"href":"https:\/\/comexbrindes.com.br\/site\/wp-json\/wp\/v2\/product\/3591","targetHints":{"allow":["GET"]}}],"collection":[{"href":"https:\/\/comexbrindes.com.br\/site\/wp-json\/wp\/v2\/product"}],"about":[{"href":"https:\/\/comexbrindes.com.br\/site\/wp-json\/wp\/v2\/types\/product"}],"version-history":[{"count":6,"href":"https:\/\/comexbrindes.com.br\/site\/wp-json\/wp\/v2\/product\/3591\/revisions"}],"predecessor-version":[{"id":7972,"href":"https:\/\/comexbrindes.com.br\/site\/wp-json\/wp\/v2\/product\/3591\/revisions\/7972"}],"wp:featuredmedia":[{"embeddable":true,"href":"https:\/\/comexbrindes.com.br\/site\/wp-json\/wp\/v2\/media\/7767"}],"wp:attachment":[{"href":"https:\/\/comexbrindes.com.br\/site\/wp-json\/wp\/v2\/media?parent=3591"}],"wp:term":[{"taxonomy":"product_cat","embeddable":true,"href":"https:\/\/comexbrindes.com.br\/site\/wp-json\/wp\/v2\/product_cat?post=3591"},{"taxonomy":"product_tag","embeddable":true,"href":"https:\/\/comexbrindes.com.br\/site\/wp-json\/wp\/v2\/product_tag?post=3591"}],"curies":[{"name":"wp","href":"https:\/\/api.w.org\/{rel}","templated":true}]}}