{"id":3582,"date":"2024-04-24T19:42:56","date_gmt":"2024-04-24T19:42:56","guid":{"rendered":"https:\/\/comexbrindes.com.br\/site\/?post_type=product&#038;p=3582"},"modified":"2025-08-21T19:52:48","modified_gmt":"2025-08-21T19:52:48","slug":"sacolinha-presente-algodao-reciclado-e-cordao-sp-67029","status":"publish","type":"product","link":"https:\/\/comexbrindes.com.br\/site\/produto\/sacolinha-presente-algodao-reciclado-e-cordao-sp-67029\/","title":{"rendered":"13 SACOLINHA PRESENTE ALGOD\u00c3O RECICLADO &#8211; SP.67029"},"content":{"rendered":"<ul>\n<li>Sacolinha presente algod\u00e3o reciclado 140g\/m\u00b2.<\/li>\n<li>Especial para pequenos presentes.<\/li>\n<li><strong>Cores:<\/strong> natural e cinza.<\/li>\n<li><strong>Tamanho:<\/strong> 14 x 20 cm<\/li>\n<li><strong>Grava\u00e7\u00e3o:<\/strong> tampografia um lado uma cor.<\/li>\n<li>Valor adicional para grava\u00e7\u00e3o de dois lados.<\/li>\n<\/ul>\n","protected":false},"excerpt":{"rendered":"<p>Sacolinha presente algod\u00e3o reciclado 140g\/m\u00b2. Especial para pequenos presentes. Cores: natural e cinza. Tamanho: 14 x 20 cm Grava\u00e7\u00e3o: tampografia um lado uma cor. Valor adicional para grava\u00e7\u00e3o de dois lados.<\/p>\n","protected":false},"featured_media":3583,"template":"","meta":[],"product_cat":[76],"product_tag":[],"class_list":{"0":"post-3582","1":"product","2":"type-product","3":"status-publish","4":"has-post-thumbnail","6":"product_cat-sacolas","8":"first","9":"instock","10":"shipping-taxable","11":"product-type-variable"},"_links":{"self":[{"href":"https:\/\/comexbrindes.com.br\/site\/wp-json\/wp\/v2\/product\/3582","targetHints":{"allow":["GET"]}}],"collection":[{"href":"https:\/\/comexbrindes.com.br\/site\/wp-json\/wp\/v2\/product"}],"about":[{"href":"https:\/\/comexbrindes.com.br\/site\/wp-json\/wp\/v2\/types\/product"}],"version-history":[{"count":3,"href":"https:\/\/comexbrindes.com.br\/site\/wp-json\/wp\/v2\/product\/3582\/revisions"}],"predecessor-version":[{"id":6768,"href":"https:\/\/comexbrindes.com.br\/site\/wp-json\/wp\/v2\/product\/3582\/revisions\/6768"}],"wp:featuredmedia":[{"embeddable":true,"href":"https:\/\/comexbrindes.com.br\/site\/wp-json\/wp\/v2\/media\/3583"}],"wp:attachment":[{"href":"https:\/\/comexbrindes.com.br\/site\/wp-json\/wp\/v2\/media?parent=3582"}],"wp:term":[{"taxonomy":"product_cat","embeddable":true,"href":"https:\/\/comexbrindes.com.br\/site\/wp-json\/wp\/v2\/product_cat?post=3582"},{"taxonomy":"product_tag","embeddable":true,"href":"https:\/\/comexbrindes.com.br\/site\/wp-json\/wp\/v2\/product_tag?post=3582"}],"curies":[{"name":"wp","href":"https:\/\/api.w.org\/{rel}","templated":true}]}}