{"id":3571,"date":"2024-04-24T19:35:39","date_gmt":"2024-04-24T19:35:39","guid":{"rendered":"https:\/\/comexbrindes.com.br\/site\/?post_type=product&#038;p=3571"},"modified":"2026-01-27T20:17:07","modified_gmt":"2026-01-27T20:17:07","slug":"sacola-tnt-bolso-frontal-alcas-longas-zbx-34040","status":"publish","type":"product","link":"https:\/\/comexbrindes.com.br\/site\/produto\/sacola-tnt-bolso-frontal-alcas-longas-zbx-34040\/","title":{"rendered":"04 SACOLA TNT BOLSO FRONTAL &#8211; BX.34040"},"content":{"rendered":"<ul>\n<li>Sacola TNT refor\u00e7ado.<\/li>\n<li>Bolso externo frontal e fundo amplo.<\/li>\n<li>Al\u00e7as longas.<\/li>\n<li>Confira as cores dispon\u00edveis.<\/li>\n<li><strong>Cores:<\/strong> azul, branco, bege, verde, cinza, marrom, preto.<\/li>\n<li><strong>Tamanho:<\/strong> 40 x 35 x 15,3 cm.<\/li>\n<li><strong>Grava\u00e7\u00e3o:<\/strong> tampografia um lado em uma cor.<\/li>\n<\/ul>\n<p>&nbsp;<\/p>\n<p>&nbsp;<\/p>\n","protected":false},"excerpt":{"rendered":"<p>Sacola TNT refor\u00e7ado. Bolso externo frontal e fundo amplo. Al\u00e7as longas. Confira as cores dispon\u00edveis. Cores: azul, branco, bege, verde, cinza, marrom, preto. Tamanho: 40 x 35 x 15,3 cm. Grava\u00e7\u00e3o: tampografia um lado em uma cor. &nbsp; &nbsp;<\/p>\n","protected":false},"featured_media":3572,"template":"","meta":[],"product_cat":[76],"product_tag":[],"class_list":{"0":"post-3571","1":"product","2":"type-product","3":"status-publish","4":"has-post-thumbnail","6":"product_cat-sacolas","8":"first","9":"instock","10":"shipping-taxable","11":"product-type-variable"},"_links":{"self":[{"href":"https:\/\/comexbrindes.com.br\/site\/wp-json\/wp\/v2\/product\/3571","targetHints":{"allow":["GET"]}}],"collection":[{"href":"https:\/\/comexbrindes.com.br\/site\/wp-json\/wp\/v2\/product"}],"about":[{"href":"https:\/\/comexbrindes.com.br\/site\/wp-json\/wp\/v2\/types\/product"}],"version-history":[{"count":5,"href":"https:\/\/comexbrindes.com.br\/site\/wp-json\/wp\/v2\/product\/3571\/revisions"}],"predecessor-version":[{"id":8331,"href":"https:\/\/comexbrindes.com.br\/site\/wp-json\/wp\/v2\/product\/3571\/revisions\/8331"}],"wp:featuredmedia":[{"embeddable":true,"href":"https:\/\/comexbrindes.com.br\/site\/wp-json\/wp\/v2\/media\/3572"}],"wp:attachment":[{"href":"https:\/\/comexbrindes.com.br\/site\/wp-json\/wp\/v2\/media?parent=3571"}],"wp:term":[{"taxonomy":"product_cat","embeddable":true,"href":"https:\/\/comexbrindes.com.br\/site\/wp-json\/wp\/v2\/product_cat?post=3571"},{"taxonomy":"product_tag","embeddable":true,"href":"https:\/\/comexbrindes.com.br\/site\/wp-json\/wp\/v2\/product_tag?post=3571"}],"curies":[{"name":"wp","href":"https:\/\/api.w.org\/{rel}","templated":true}]}}