{"id":3565,"date":"2024-04-24T19:33:10","date_gmt":"2024-04-24T19:33:10","guid":{"rendered":"https:\/\/comexbrindes.com.br\/site\/?post_type=product&#038;p=3565"},"modified":"2025-08-06T17:35:54","modified_gmt":"2025-08-06T17:35:54","slug":"sacola-tnt-alcas-longas-as-100ntb","status":"publish","type":"product","link":"https:\/\/comexbrindes.com.br\/site\/produto\/sacola-tnt-alcas-longas-as-100ntb\/","title":{"rendered":"07 SACOLA TNT AL\u00c7AS LONGAS &#8211; AS.100-NTB"},"content":{"rendered":"<ul>\n<li>Sacola TNT refor\u00e7ado, fundo envelope.<\/li>\n<li>Al\u00e7as longas.<\/li>\n<li><strong>Cores<\/strong> diversas.<\/li>\n<li><strong>Tamanho:<\/strong> 41,5 x 37,5 cm.<\/li>\n<li><strong>Grava\u00e7\u00e3o:<\/strong> tampografia uma cor em um lado.<\/li>\n<li>Verifique as cores dispon\u00edveis.<\/li>\n<\/ul>\n","protected":false},"excerpt":{"rendered":"<p>Sacola TNT refor\u00e7ado, fundo envelope. Al\u00e7as longas. Cores diversas. Tamanho: 41,5 x 37,5 cm. Grava\u00e7\u00e3o: tampografia uma cor em um lado. Verifique as cores dispon\u00edveis.<\/p>\n","protected":false},"featured_media":3566,"template":"","meta":[],"product_cat":[76],"product_tag":[],"class_list":{"0":"post-3565","1":"product","2":"type-product","3":"status-publish","4":"has-post-thumbnail","6":"product_cat-sacolas","8":"first","9":"instock","10":"shipping-taxable","11":"product-type-variable"},"_links":{"self":[{"href":"https:\/\/comexbrindes.com.br\/site\/wp-json\/wp\/v2\/product\/3565","targetHints":{"allow":["GET"]}}],"collection":[{"href":"https:\/\/comexbrindes.com.br\/site\/wp-json\/wp\/v2\/product"}],"about":[{"href":"https:\/\/comexbrindes.com.br\/site\/wp-json\/wp\/v2\/types\/product"}],"version-history":[{"count":4,"href":"https:\/\/comexbrindes.com.br\/site\/wp-json\/wp\/v2\/product\/3565\/revisions"}],"predecessor-version":[{"id":7293,"href":"https:\/\/comexbrindes.com.br\/site\/wp-json\/wp\/v2\/product\/3565\/revisions\/7293"}],"wp:featuredmedia":[{"embeddable":true,"href":"https:\/\/comexbrindes.com.br\/site\/wp-json\/wp\/v2\/media\/3566"}],"wp:attachment":[{"href":"https:\/\/comexbrindes.com.br\/site\/wp-json\/wp\/v2\/media?parent=3565"}],"wp:term":[{"taxonomy":"product_cat","embeddable":true,"href":"https:\/\/comexbrindes.com.br\/site\/wp-json\/wp\/v2\/product_cat?post=3565"},{"taxonomy":"product_tag","embeddable":true,"href":"https:\/\/comexbrindes.com.br\/site\/wp-json\/wp\/v2\/product_tag?post=3565"}],"curies":[{"name":"wp","href":"https:\/\/api.w.org\/{rel}","templated":true}]}}