{"id":3560,"date":"2024-04-24T19:30:43","date_gmt":"2024-04-24T19:30:43","guid":{"rendered":"https:\/\/comexbrindes.com.br\/site\/?post_type=product&#038;p=3560"},"modified":"2026-01-27T20:18:58","modified_gmt":"2026-01-27T20:18:58","slug":"sacola-tnt-alcas-longas-zbx-n-08731","status":"publish","type":"product","link":"https:\/\/comexbrindes.com.br\/site\/produto\/sacola-tnt-alcas-longas-zbx-n-08731\/","title":{"rendered":"05 SACOLA TNT AL\u00c7AS LONGAS &#8211; BX.08731-N"},"content":{"rendered":"<ul>\n<li>Sacola TNT.<\/li>\n<li>Costura termo-selado.<\/li>\n<li>Al\u00e7as longas 17,5 cm.<\/li>\n<li><strong>Cores<\/strong> diversas.<\/li>\n<li><strong>Tamanho:<\/strong> 41,8 x 37,2 x 8,0 cm.<\/li>\n<li><strong>Grava\u00e7\u00e3o:<\/strong> tampografia uma cor em um lado.<\/li>\n<\/ul>\n","protected":false},"excerpt":{"rendered":"<p>Sacola TNT. Costura termo-selado. Al\u00e7as longas 17,5 cm. Cores diversas. Tamanho: 41,8 x 37,2 x 8,0 cm. Grava\u00e7\u00e3o: tampografia uma cor em um lado.<\/p>\n","protected":false},"featured_media":7291,"template":"","meta":[],"product_cat":[76],"product_tag":[],"class_list":{"0":"post-3560","1":"product","2":"type-product","3":"status-publish","4":"has-post-thumbnail","6":"product_cat-sacolas","8":"first","9":"instock","10":"shipping-taxable","11":"product-type-variable"},"_links":{"self":[{"href":"https:\/\/comexbrindes.com.br\/site\/wp-json\/wp\/v2\/product\/3560","targetHints":{"allow":["GET"]}}],"collection":[{"href":"https:\/\/comexbrindes.com.br\/site\/wp-json\/wp\/v2\/product"}],"about":[{"href":"https:\/\/comexbrindes.com.br\/site\/wp-json\/wp\/v2\/types\/product"}],"version-history":[{"count":6,"href":"https:\/\/comexbrindes.com.br\/site\/wp-json\/wp\/v2\/product\/3560\/revisions"}],"predecessor-version":[{"id":8332,"href":"https:\/\/comexbrindes.com.br\/site\/wp-json\/wp\/v2\/product\/3560\/revisions\/8332"}],"wp:featuredmedia":[{"embeddable":true,"href":"https:\/\/comexbrindes.com.br\/site\/wp-json\/wp\/v2\/media\/7291"}],"wp:attachment":[{"href":"https:\/\/comexbrindes.com.br\/site\/wp-json\/wp\/v2\/media?parent=3560"}],"wp:term":[{"taxonomy":"product_cat","embeddable":true,"href":"https:\/\/comexbrindes.com.br\/site\/wp-json\/wp\/v2\/product_cat?post=3560"},{"taxonomy":"product_tag","embeddable":true,"href":"https:\/\/comexbrindes.com.br\/site\/wp-json\/wp\/v2\/product_tag?post=3560"}],"curies":[{"name":"wp","href":"https:\/\/api.w.org\/{rel}","templated":true}]}}