{"id":3555,"date":"2024-04-24T19:27:35","date_gmt":"2024-04-24T19:27:35","guid":{"rendered":"https:\/\/comexbrindes.com.br\/site\/?post_type=product&#038;p=3555"},"modified":"2025-08-06T17:26:24","modified_gmt":"2025-08-06T17:26:24","slug":"sacola-tnt-alcas-60cm-sp-00922","status":"publish","type":"product","link":"https:\/\/comexbrindes.com.br\/site\/produto\/sacola-tnt-alcas-60cm-sp-00922\/","title":{"rendered":"06 SACOLA TNT AL\u00c7AS 60 cm &#8211; SP.00922"},"content":{"rendered":"<ul>\n<li>Sacola TNT, al\u00e7as 60 cm.<\/li>\n<li>Termo-selado.<\/li>\n<li><strong>Cores<\/strong> diversas.<\/li>\n<li><strong>Tamanho:<\/strong> 41 x 37 x 8 cm.<\/li>\n<li><strong>Grava\u00e7\u00e3o:<\/strong> tampografia 1 cor, 1 lado.<\/li>\n<\/ul>\n","protected":false},"excerpt":{"rendered":"<p>Sacola TNT, al\u00e7as 60 cm. Termo-selado. Cores diversas. Tamanho: 41 x 37 x 8 cm. Grava\u00e7\u00e3o: tampografia 1 cor, 1 lado.<\/p>\n","protected":false},"featured_media":7292,"template":"","meta":[],"product_cat":[76],"product_tag":[],"class_list":{"0":"post-3555","1":"product","2":"type-product","3":"status-publish","4":"has-post-thumbnail","6":"product_cat-sacolas","8":"first","9":"instock","10":"shipping-taxable","11":"product-type-variable"},"_links":{"self":[{"href":"https:\/\/comexbrindes.com.br\/site\/wp-json\/wp\/v2\/product\/3555","targetHints":{"allow":["GET"]}}],"collection":[{"href":"https:\/\/comexbrindes.com.br\/site\/wp-json\/wp\/v2\/product"}],"about":[{"href":"https:\/\/comexbrindes.com.br\/site\/wp-json\/wp\/v2\/types\/product"}],"version-history":[{"count":5,"href":"https:\/\/comexbrindes.com.br\/site\/wp-json\/wp\/v2\/product\/3555\/revisions"}],"predecessor-version":[{"id":6750,"href":"https:\/\/comexbrindes.com.br\/site\/wp-json\/wp\/v2\/product\/3555\/revisions\/6750"}],"wp:featuredmedia":[{"embeddable":true,"href":"https:\/\/comexbrindes.com.br\/site\/wp-json\/wp\/v2\/media\/7292"}],"wp:attachment":[{"href":"https:\/\/comexbrindes.com.br\/site\/wp-json\/wp\/v2\/media?parent=3555"}],"wp:term":[{"taxonomy":"product_cat","embeddable":true,"href":"https:\/\/comexbrindes.com.br\/site\/wp-json\/wp\/v2\/product_cat?post=3555"},{"taxonomy":"product_tag","embeddable":true,"href":"https:\/\/comexbrindes.com.br\/site\/wp-json\/wp\/v2\/product_tag?post=3555"}],"curies":[{"name":"wp","href":"https:\/\/api.w.org\/{rel}","templated":true}]}}