{"id":3539,"date":"2024-04-24T19:17:35","date_gmt":"2024-04-24T19:17:35","guid":{"rendered":"https:\/\/comexbrindes.com.br\/site\/?post_type=product&#038;p=3539"},"modified":"2025-01-22T14:02:30","modified_gmt":"2025-01-22T14:02:30","slug":"sacola-termica-em-600d-9l-bolso-frontal-alcas-webbing-sp-71489","status":"publish","type":"product","link":"https:\/\/comexbrindes.com.br\/site\/produto\/sacola-termica-em-600d-9l-bolso-frontal-alcas-webbing-sp-71489\/","title":{"rendered":"01 SACOLA T\u00c9RMICA, 9L, BOLSO FRONTAL &#8211; SP.71489"},"content":{"rendered":"<ul>\n<li>Sacola t\u00e9rmica em 600D, 9L.<\/li>\n<li>Al\u00e7as webbing, 55 cm.<\/li>\n<li>Compartimento externo com bolso aberto forrado.<\/li>\n<li><strong>Tamanho:<\/strong> 47 x 30 x 12 cm.<\/li>\n<li><strong>Cores:<\/strong> preto (103), azul (104) verde claro (119) &#8211; n\u00fameros apenas indicam mudan\u00e7a na nossa refer\u00eancia.<\/li>\n<li><strong>Grava\u00e7\u00e3o:<\/strong> tampografia um lado em uma cor.<\/li>\n<\/ul>\n","protected":false},"excerpt":{"rendered":"<p>Sacola t\u00e9rmica em 600D, 9L. Al\u00e7as webbing, 55 cm. Compartimento externo com bolso aberto forrado. Tamanho: 47 x 30 x 12 cm. Cores: preto (103), azul (104) verde claro (119) &#8211; n\u00fameros apenas indicam mudan\u00e7a na nossa refer\u00eancia. Grava\u00e7\u00e3o: tampografia um lado em uma cor.<\/p>\n","protected":false},"featured_media":3541,"template":"","meta":[],"product_cat":[76],"product_tag":[],"class_list":{"0":"post-3539","1":"product","2":"type-product","3":"status-publish","4":"has-post-thumbnail","6":"product_cat-sacolas","8":"first","9":"instock","10":"shipping-taxable","11":"product-type-variable"},"_links":{"self":[{"href":"https:\/\/comexbrindes.com.br\/site\/wp-json\/wp\/v2\/product\/3539","targetHints":{"allow":["GET"]}}],"collection":[{"href":"https:\/\/comexbrindes.com.br\/site\/wp-json\/wp\/v2\/product"}],"about":[{"href":"https:\/\/comexbrindes.com.br\/site\/wp-json\/wp\/v2\/types\/product"}],"version-history":[{"count":6,"href":"https:\/\/comexbrindes.com.br\/site\/wp-json\/wp\/v2\/product\/3539\/revisions"}],"predecessor-version":[{"id":6756,"href":"https:\/\/comexbrindes.com.br\/site\/wp-json\/wp\/v2\/product\/3539\/revisions\/6756"}],"wp:featuredmedia":[{"embeddable":true,"href":"https:\/\/comexbrindes.com.br\/site\/wp-json\/wp\/v2\/media\/3541"}],"wp:attachment":[{"href":"https:\/\/comexbrindes.com.br\/site\/wp-json\/wp\/v2\/media?parent=3539"}],"wp:term":[{"taxonomy":"product_cat","embeddable":true,"href":"https:\/\/comexbrindes.com.br\/site\/wp-json\/wp\/v2\/product_cat?post=3539"},{"taxonomy":"product_tag","embeddable":true,"href":"https:\/\/comexbrindes.com.br\/site\/wp-json\/wp\/v2\/product_tag?post=3539"}],"curies":[{"name":"wp","href":"https:\/\/api.w.org\/{rel}","templated":true}]}}