{"id":3531,"date":"2024-04-24T19:10:40","date_gmt":"2024-04-24T19:10:40","guid":{"rendered":"https:\/\/comexbrindes.com.br\/site\/?post_type=product&#038;p=3531"},"modified":"2025-01-22T13:04:03","modified_gmt":"2025-01-22T13:04:03","slug":"sacola-juta-natural-grande-sp-72829","status":"publish","type":"product","link":"https:\/\/comexbrindes.com.br\/site\/produto\/sacola-juta-natural-grande-sp-72829\/","title":{"rendered":"03 SACOLA JUTA NATURAL GRANDE &#8211; SP.72829"},"content":{"rendered":"<ul>\n<li>Sacola juta natural grande.<\/li>\n<li>360 g\/m\u00b2.<\/li>\n<li>Laminado no interior.<\/li>\n<li>Al\u00e7as curtas acolchoadas.<\/li>\n<li><strong>Tamanho:<\/strong> 43 x 34 x 17,5 cm.<\/li>\n<li><strong>Grava\u00e7\u00e3o: <\/strong>tampografia um lado uma cor.<\/li>\n<li>Grava\u00e7\u00e3o opcional em transfer com valor cobrado por unidade.<\/li>\n<\/ul>\n","protected":false},"excerpt":{"rendered":"<p>Sacola juta natural grande. 360 g\/m\u00b2. Laminado no interior. Al\u00e7as curtas acolchoadas. Tamanho: 43 x 34 x 17,5 cm. Grava\u00e7\u00e3o: tampografia um lado uma cor. Grava\u00e7\u00e3o opcional em transfer com valor cobrado por unidade.<\/p>\n","protected":false},"featured_media":3532,"template":"","meta":[],"product_cat":[76],"product_tag":[],"class_list":{"0":"post-3531","1":"product","2":"type-product","3":"status-publish","4":"has-post-thumbnail","6":"product_cat-sacolas","8":"first","9":"instock","10":"shipping-taxable","11":"product-type-variable"},"_links":{"self":[{"href":"https:\/\/comexbrindes.com.br\/site\/wp-json\/wp\/v2\/product\/3531","targetHints":{"allow":["GET"]}}],"collection":[{"href":"https:\/\/comexbrindes.com.br\/site\/wp-json\/wp\/v2\/product"}],"about":[{"href":"https:\/\/comexbrindes.com.br\/site\/wp-json\/wp\/v2\/types\/product"}],"version-history":[{"count":3,"href":"https:\/\/comexbrindes.com.br\/site\/wp-json\/wp\/v2\/product\/3531\/revisions"}],"predecessor-version":[{"id":6742,"href":"https:\/\/comexbrindes.com.br\/site\/wp-json\/wp\/v2\/product\/3531\/revisions\/6742"}],"wp:featuredmedia":[{"embeddable":true,"href":"https:\/\/comexbrindes.com.br\/site\/wp-json\/wp\/v2\/media\/3532"}],"wp:attachment":[{"href":"https:\/\/comexbrindes.com.br\/site\/wp-json\/wp\/v2\/media?parent=3531"}],"wp:term":[{"taxonomy":"product_cat","embeddable":true,"href":"https:\/\/comexbrindes.com.br\/site\/wp-json\/wp\/v2\/product_cat?post=3531"},{"taxonomy":"product_tag","embeddable":true,"href":"https:\/\/comexbrindes.com.br\/site\/wp-json\/wp\/v2\/product_tag?post=3531"}],"curies":[{"name":"wp","href":"https:\/\/api.w.org\/{rel}","templated":true}]}}